{"id":108,"date":"2013-09-30T09:17:36","date_gmt":"2013-09-30T08:17:36","guid":{"rendered":"http:\/\/kruikentournament.voorbeeldsite.net\/?page_id=108"},"modified":"2025-09-24T09:40:14","modified_gmt":"2025-09-24T08:40:14","slug":"tcr-international-kruiken-tournament","status":"publish","type":"page","link":"https:\/\/kruikentournament.com\/de\/","title":{"rendered":"International Kruikentournament"},"content":{"rendered":"<p><strong>42. International U16 Kruikentournament <\/strong><\/p>\n<p>1978 wurde \u2013 damals noch beim TMHC Forward \u2013 zum ersten Mal das International U16 Kruikentournament (IKT) ausgetragen. Im Laufe der Jahre entwickelte sich das Turnier zu einer gro\u00dfen und bekannten Veranstaltung. Eine Tradition. Auf der Teilnehmerliste standen illustre Vereinsnamen und regionale und sogar nationale Auswahlmannschaften aus allen Teilen Europas. Sp\u00e4tere Nationalspieler nahmen daran teil. Nach der Fusion zwischen Forward und TMHC Tilburg zog das Turnier zum neuen HC Tilburg um.<\/p>\n<p>F\u00fcr einen Moment schien es, als w\u00fcrde die Veranstaltung verschwinden, aber gl\u00fccklicherweise haben wir nach einer f\u00fcnfj\u00e4hrigen Pause im Jahr 2025 wieder daran angekn\u00fcpft. Beide Finalisten der niederl\u00e4ndischen mU16 Meisterschaft geh\u00f6rten zu den Teilnehmern. <\/p>\n<p>An Pfingsten, am Samstag, dem 23. Mai, und Sonntag, dem 24. Mai 2026, findet die 42. Ausgabe statt.                                                                                                                                         Das Turnier steht Teams offen, die in den h\u00f6chsten nationalen U16 Ligen spielen.                                                                                                                    Weitere Informationen finden Sie auf unserer Website: www.kruikentournament.com oder senden Sie eine E-Mail an kruinetournament@hctilburg.com. <\/p>\n<p><em>Turniersieger 2025<\/em><br \/>\n<a href=\"https:\/\/kruikentournament.com\/wp-content\/uploads\/2025\/09\/Winnaars-2025.png\"><img loading=\"lazy\" decoding=\"async\" src=\"https:\/\/kruikentournament.com\/wp-content\/uploads\/2025\/09\/Winnaars-2025.png\" alt=\"\" width=\"594\" height=\"202\" class=\"alignnone size-full wp-image-3913\" srcset=\"https:\/\/kruikentournament.com\/wp-content\/uploads\/2025\/09\/Winnaars-2025.png 594w, https:\/\/kruikentournament.com\/wp-content\/uploads\/2025\/09\/Winnaars-2025-300x102.png 300w\" sizes=\"auto, (max-width: 594px) 100vw, 594px\" \/><\/a><\/p>","protected":false},"excerpt":{"rendered":"<p>42. International U16 Kruikentournament 1978 wurde \u2013 damals noch beim TMHC Forward \u2013 zum ersten Mal das International U16 Kruikentournament (IKT) ausgetragen. Im Laufe der Jahre entwickelte sich das Turnier zu einer gro\u00dfen und bekannten Veranstaltung. Eine Tradition. Auf der Teilnehmerliste standen illustre Vereinsnamen und regionale und sogar nationale Auswahlmannschaften aus allen Teilen Europas. Sp\u00e4tere [&hellip;]<\/p>\n","protected":false},"author":8,"featured_media":0,"parent":0,"menu_order":0,"comment_status":"open","ping_status":"open","template":"","meta":{"footnotes":""},"class_list":["post-108","page","type-page","status-publish","hentry"],"yoast_head":"<!-- This site is optimized with the Yoast SEO plugin v26.7 - https:\/\/yoast.com\/wordpress\/plugins\/seo\/ -->\n<title>International Kruikentournament - Hockey toernooi bij HC Tilburg<\/title>\n<meta name=\"description\" content=\"An Pfingsten 2025, am Samstag, 7. und Sonntag, 8. Juni, wird das Internationale Jar-Turnier zum 41. Mal auf den Spielfeldern des HC Tilburg ausgetragen.\" \/>\n<meta name=\"robots\" content=\"index, follow, max-snippet:-1, max-image-preview:large, max-video-preview:-1\" \/>\n<link rel=\"canonical\" href=\"https:\/\/kruikentournament.com\/de\/\" \/>\n<meta property=\"og:locale\" content=\"de_DE\" \/>\n<meta property=\"og:type\" content=\"article\" \/>\n<meta property=\"og:title\" content=\"International Kruikentournament - Hockey toernooi bij HC Tilburg\" \/>\n<meta property=\"og:description\" content=\"An Pfingsten 2025, am Samstag, 7. und Sonntag, 8. Juni, wird das Internationale Jar-Turnier zum 41. Mal auf den Spielfeldern des HC Tilburg ausgetragen.\" \/>\n<meta property=\"og:url\" content=\"https:\/\/kruikentournament.com\/de\/\" \/>\n<meta property=\"og:site_name\" content=\"International Kruikentournament\" \/>\n<meta property=\"article:modified_time\" content=\"2025-09-24T08:40:14+00:00\" \/>\n<meta property=\"og:image\" content=\"https:\/\/kruikentournament.com\/wp-content\/uploads\/2025\/09\/Winnaars-2025.png\" \/>\n\t<meta property=\"og:image:width\" content=\"594\" \/>\n\t<meta property=\"og:image:height\" content=\"202\" \/>\n\t<meta property=\"og:image:type\" content=\"image\/png\" \/>\n<meta name=\"twitter:label1\" content=\"Gesch\u00e4tzte Lesezeit\" \/>\n\t<meta name=\"twitter:data1\" content=\"1\u00a0Minute\" \/>\n<script type=\"application\/ld+json\" class=\"yoast-schema-graph\">{\"@context\":\"https:\/\/schema.org\",\"@graph\":[{\"@type\":\"WebPage\",\"@id\":\"https:\/\/kruikentournament.com\/de\/\",\"url\":\"https:\/\/kruikentournament.com\/de\/\",\"name\":\"International Kruikentournament - Hockey toernooi bij HC Tilburg\",\"isPartOf\":{\"@id\":\"https:\/\/kruikentournament.com\/#website\"},\"primaryImageOfPage\":{\"@id\":\"https:\/\/kruikentournament.com\/de\/#primaryimage\"},\"image\":{\"@id\":\"https:\/\/kruikentournament.com\/de\/#primaryimage\"},\"thumbnailUrl\":\"https:\/\/kruikentournament.com\/wp-content\/uploads\/2025\/09\/Winnaars-2025.png\",\"datePublished\":\"2013-09-30T08:17:36+00:00\",\"dateModified\":\"2025-09-24T08:40:14+00:00\",\"description\":\"An Pfingsten 2025, am Samstag, 7. und Sonntag, 8. Juni, wird das Internationale Jar-Turnier zum 41. Mal auf den Spielfeldern des HC Tilburg ausgetragen.\",\"inLanguage\":\"de\",\"potentialAction\":[{\"@type\":\"ReadAction\",\"target\":[\"https:\/\/kruikentournament.com\/de\/\"]}]},{\"@type\":\"ImageObject\",\"inLanguage\":\"de\",\"@id\":\"https:\/\/kruikentournament.com\/de\/#primaryimage\",\"url\":\"https:\/\/kruikentournament.com\/wp-content\/uploads\/2025\/09\/Winnaars-2025.png\",\"contentUrl\":\"https:\/\/kruikentournament.com\/wp-content\/uploads\/2025\/09\/Winnaars-2025.png\"},{\"@type\":\"WebSite\",\"@id\":\"https:\/\/kruikentournament.com\/#website\",\"url\":\"https:\/\/kruikentournament.com\/\",\"name\":\"International Kruikentournament\",\"description\":\"Hockey toernooi voor O-16 jeugd bij HC Tilburg\",\"publisher\":{\"@id\":\"https:\/\/kruikentournament.com\/#organization\"},\"potentialAction\":[{\"@type\":\"SearchAction\",\"target\":{\"@type\":\"EntryPoint\",\"urlTemplate\":\"https:\/\/kruikentournament.com\/?s={search_term_string}\"},\"query-input\":{\"@type\":\"PropertyValueSpecification\",\"valueRequired\":true,\"valueName\":\"search_term_string\"}}],\"inLanguage\":\"de\"},{\"@type\":\"Organization\",\"@id\":\"https:\/\/kruikentournament.com\/#organization\",\"name\":\"International Kruikentournament\",\"url\":\"https:\/\/kruikentournament.com\/\",\"logo\":{\"@type\":\"ImageObject\",\"inLanguage\":\"de\",\"@id\":\"https:\/\/kruikentournament.com\/#\/schema\/logo\/image\/\",\"url\":\"https:\/\/kruikentournament.com\/wp-content\/uploads\/2024\/08\/kruikentournament-logo-2024.png\",\"contentUrl\":\"https:\/\/kruikentournament.com\/wp-content\/uploads\/2024\/08\/kruikentournament-logo-2024.png\",\"width\":191,\"height\":107,\"caption\":\"International Kruikentournament\"},\"image\":{\"@id\":\"https:\/\/kruikentournament.com\/#\/schema\/logo\/image\/\"}}]}<\/script>\n<!-- \/ Yoast SEO plugin. -->","yoast_head_json":{"title":"International Kruikentournament - Hockey toernooi bij HC Tilburg","description":"An Pfingsten 2025, am Samstag, 7. und Sonntag, 8. Juni, wird das Internationale Jar-Turnier zum 41. Mal auf den Spielfeldern des HC Tilburg ausgetragen.","robots":{"index":"index","follow":"follow","max-snippet":"max-snippet:-1","max-image-preview":"max-image-preview:large","max-video-preview":"max-video-preview:-1"},"canonical":"https:\/\/kruikentournament.com\/de\/","og_locale":"de_DE","og_type":"article","og_title":"International Kruikentournament - Hockey toernooi bij HC Tilburg","og_description":"An Pfingsten 2025, am Samstag, 7. und Sonntag, 8. Juni, wird das Internationale Jar-Turnier zum 41. Mal auf den Spielfeldern des HC Tilburg ausgetragen.","og_url":"https:\/\/kruikentournament.com\/de\/","og_site_name":"International Kruikentournament","article_modified_time":"2025-09-24T08:40:14+00:00","og_image":[{"width":594,"height":202,"url":"https:\/\/kruikentournament.com\/wp-content\/uploads\/2025\/09\/Winnaars-2025.png","type":"image\/png"}],"twitter_misc":{"Gesch\u00e4tzte Lesezeit":"1\u00a0Minute"},"schema":{"@context":"https:\/\/schema.org","@graph":[{"@type":"WebPage","@id":"https:\/\/kruikentournament.com\/de\/","url":"https:\/\/kruikentournament.com\/de\/","name":"International Kruikentournament - Hockey toernooi bij HC Tilburg","isPartOf":{"@id":"https:\/\/kruikentournament.com\/#website"},"primaryImageOfPage":{"@id":"https:\/\/kruikentournament.com\/de\/#primaryimage"},"image":{"@id":"https:\/\/kruikentournament.com\/de\/#primaryimage"},"thumbnailUrl":"https:\/\/kruikentournament.com\/wp-content\/uploads\/2025\/09\/Winnaars-2025.png","datePublished":"2013-09-30T08:17:36+00:00","dateModified":"2025-09-24T08:40:14+00:00","description":"An Pfingsten 2025, am Samstag, 7. und Sonntag, 8. Juni, wird das Internationale Jar-Turnier zum 41. Mal auf den Spielfeldern des HC Tilburg ausgetragen.","inLanguage":"de","potentialAction":[{"@type":"ReadAction","target":["https:\/\/kruikentournament.com\/de\/"]}]},{"@type":"ImageObject","inLanguage":"de","@id":"https:\/\/kruikentournament.com\/de\/#primaryimage","url":"https:\/\/kruikentournament.com\/wp-content\/uploads\/2025\/09\/Winnaars-2025.png","contentUrl":"https:\/\/kruikentournament.com\/wp-content\/uploads\/2025\/09\/Winnaars-2025.png"},{"@type":"WebSite","@id":"https:\/\/kruikentournament.com\/#website","url":"https:\/\/kruikentournament.com\/","name":"International Kruikentournament","description":"Hockey toernooi voor O-16 jeugd bij HC Tilburg","publisher":{"@id":"https:\/\/kruikentournament.com\/#organization"},"potentialAction":[{"@type":"SearchAction","target":{"@type":"EntryPoint","urlTemplate":"https:\/\/kruikentournament.com\/?s={search_term_string}"},"query-input":{"@type":"PropertyValueSpecification","valueRequired":true,"valueName":"search_term_string"}}],"inLanguage":"de"},{"@type":"Organization","@id":"https:\/\/kruikentournament.com\/#organization","name":"International Kruikentournament","url":"https:\/\/kruikentournament.com\/","logo":{"@type":"ImageObject","inLanguage":"de","@id":"https:\/\/kruikentournament.com\/#\/schema\/logo\/image\/","url":"https:\/\/kruikentournament.com\/wp-content\/uploads\/2024\/08\/kruikentournament-logo-2024.png","contentUrl":"https:\/\/kruikentournament.com\/wp-content\/uploads\/2024\/08\/kruikentournament-logo-2024.png","width":191,"height":107,"caption":"International Kruikentournament"},"image":{"@id":"https:\/\/kruikentournament.com\/#\/schema\/logo\/image\/"}}]}},"_links":{"self":[{"href":"https:\/\/kruikentournament.com\/de\/wp-json\/wp\/v2\/pages\/108","targetHints":{"allow":["GET"]}}],"collection":[{"href":"https:\/\/kruikentournament.com\/de\/wp-json\/wp\/v2\/pages"}],"about":[{"href":"https:\/\/kruikentournament.com\/de\/wp-json\/wp\/v2\/types\/page"}],"author":[{"embeddable":true,"href":"https:\/\/kruikentournament.com\/de\/wp-json\/wp\/v2\/users\/8"}],"replies":[{"embeddable":true,"href":"https:\/\/kruikentournament.com\/de\/wp-json\/wp\/v2\/comments?post=108"}],"version-history":[{"count":71,"href":"https:\/\/kruikentournament.com\/de\/wp-json\/wp\/v2\/pages\/108\/revisions"}],"predecessor-version":[{"id":3925,"href":"https:\/\/kruikentournament.com\/de\/wp-json\/wp\/v2\/pages\/108\/revisions\/3925"}],"wp:attachment":[{"href":"https:\/\/kruikentournament.com\/de\/wp-json\/wp\/v2\/media?parent=108"}],"curies":[{"name":"wp","href":"https:\/\/api.w.org\/{rel}","templated":true}]}}