{"id":116,"date":"2013-09-27T14:08:43","date_gmt":"2013-09-27T13:08:43","guid":{"rendered":"http:\/\/kruikentournament.voorbeeldsite.net\/contact-2\/"},"modified":"2024-09-19T09:04:02","modified_gmt":"2024-09-19T08:04:02","slug":"uber-uns","status":"publish","type":"page","link":"https:\/\/kruikentournament.com\/de\/uber-uns\/","title":{"rendered":"\u00dcber uns"},"content":{"rendered":"<h3>Ein Club mit Ehrgeiz!<\/h3>\n<p>Der Hockey Club HC Tilburg wurde am 6. Juli 2011 gegr\u00fcndet und entstand durch den Zusammenschluss der beiden hockey Clubs TMHC Tilburg (* 2. Oktober 1925) und TMHC St\u00fcrmer (17. Dezember 1930) erstellt. Die Fusion Verein hat derzeit rund 2.300 Mitglieder und ist damit in den Top 5 der gr\u00f6\u00dften Hockey-Verb\u00e4nde in den Niederlanden.<br \/>\nDie erste Herrenmannschaft spielt in der Liga, die h\u00f6chste Stufe, die wir in den Niederlanden haben. Die erste Frauen-Mannschaft spielt in der First Division. Das Ziel ist um Beide Teams in der Liga zu haben.<\/p>\n<h3>Ein professionelles Vorgehen<\/h3>\n<p>Die sportliche Leistung dieser Teams haben eine positive Wirkung in der Region. Das wird von den Zuschauern, die Spiele besuchen gezeigt und auch die Anziehungskraft, die die Verein \u00fcbt auf talentierte Hockeyspieler und hockeysters.<\/p>\n<p>F\u00fcr die F\u00fchrung der Auswahl der Spieler und der Spieler-Vereinigung ist ein professionelles Ger\u00e4t zur Verf\u00fcgung, Trainer und medizinischen Support-Team.<\/p>\n<p>HC Tilburg hat ein offenes Ohr und will so effektiv wie m\u00f6glich mit get\u00f6nten sozialen Probleme, die hockey beziehen.<\/p>\n<h3>Komplex<\/h3>\n<p>HC Tilburg verf\u00fcgt \u00fcber 3 Wasser Feldern, 3 semi-Wasser Felder, 1 Sandplatz und 2 Mini-Felder und 9 jeu de boule felder.<\/p>","protected":false},"excerpt":{"rendered":"<p>Ein Club mit Ehrgeiz! Der Hockey Club HC Tilburg wurde am 6. Juli 2011 gegr\u00fcndet und entstand durch den Zusammenschluss der beiden hockey Clubs TMHC Tilburg (* 2. Oktober 1925) und TMHC St\u00fcrmer (17. Dezember 1930) erstellt. Die Fusion Verein hat derzeit rund 2.300 Mitglieder und ist damit in den Top 5 der gr\u00f6\u00dften Hockey-Verb\u00e4nde [&hellip;]<\/p>\n","protected":false},"author":8,"featured_media":0,"parent":0,"menu_order":0,"comment_status":"open","ping_status":"open","template":"","meta":{"footnotes":""},"class_list":["post-116","page","type-page","status-publish","hentry"],"yoast_head":"<!-- This site is optimized with the Yoast SEO plugin v26.7 - https:\/\/yoast.com\/wordpress\/plugins\/seo\/ -->\n<title>\u00dcber uns - International Kruikentournament Tilburg<\/title>\n<meta name=\"description\" content=\"Auf dieser Seite kommen Sie zu wissen wer die Mitglieder sind, und Sie k\u00f6nnen alles \u00fcber HC Tilburg lesen.\" \/>\n<meta name=\"robots\" content=\"index, follow, max-snippet:-1, max-image-preview:large, max-video-preview:-1\" \/>\n<link rel=\"canonical\" href=\"https:\/\/kruikentournament.com\/de\/uber-uns\/\" \/>\n<meta property=\"og:locale\" content=\"de_DE\" \/>\n<meta property=\"og:type\" content=\"article\" \/>\n<meta property=\"og:title\" content=\"\u00dcber uns - International Kruikentournament Tilburg\" \/>\n<meta property=\"og:description\" content=\"Auf dieser Seite kommen Sie zu wissen wer die Mitglieder sind, und Sie k\u00f6nnen alles \u00fcber HC Tilburg lesen.\" \/>\n<meta property=\"og:url\" content=\"https:\/\/kruikentournament.com\/de\/uber-uns\/\" \/>\n<meta property=\"og:site_name\" content=\"International Kruikentournament\" \/>\n<meta property=\"article:modified_time\" content=\"2024-09-19T08:04:02+00:00\" \/>\n<meta name=\"twitter:label1\" content=\"Gesch\u00e4tzte Lesezeit\" \/>\n\t<meta name=\"twitter:data1\" content=\"1\u00a0Minute\" \/>\n<script type=\"application\/ld+json\" class=\"yoast-schema-graph\">{\"@context\":\"https:\/\/schema.org\",\"@graph\":[{\"@type\":\"WebPage\",\"@id\":\"https:\/\/kruikentournament.com\/de\/uber-uns\/\",\"url\":\"https:\/\/kruikentournament.com\/de\/uber-uns\/\",\"name\":\"\u00dcber uns - International Kruikentournament Tilburg\",\"isPartOf\":{\"@id\":\"https:\/\/kruikentournament.com\/#website\"},\"datePublished\":\"2013-09-27T13:08:43+00:00\",\"dateModified\":\"2024-09-19T08:04:02+00:00\",\"description\":\"Auf dieser Seite kommen Sie zu wissen wer die Mitglieder sind, und Sie k\u00f6nnen alles \u00fcber HC Tilburg lesen.\",\"inLanguage\":\"de\",\"potentialAction\":[{\"@type\":\"ReadAction\",\"target\":[\"https:\/\/kruikentournament.com\/de\/uber-uns\/\"]}]},{\"@type\":\"WebSite\",\"@id\":\"https:\/\/kruikentournament.com\/#website\",\"url\":\"https:\/\/kruikentournament.com\/\",\"name\":\"International Kruikentournament\",\"description\":\"Hockey toernooi voor O-16 jeugd bij HC Tilburg\",\"publisher\":{\"@id\":\"https:\/\/kruikentournament.com\/#organization\"},\"potentialAction\":[{\"@type\":\"SearchAction\",\"target\":{\"@type\":\"EntryPoint\",\"urlTemplate\":\"https:\/\/kruikentournament.com\/?s={search_term_string}\"},\"query-input\":{\"@type\":\"PropertyValueSpecification\",\"valueRequired\":true,\"valueName\":\"search_term_string\"}}],\"inLanguage\":\"de\"},{\"@type\":\"Organization\",\"@id\":\"https:\/\/kruikentournament.com\/#organization\",\"name\":\"International Kruikentournament\",\"url\":\"https:\/\/kruikentournament.com\/\",\"logo\":{\"@type\":\"ImageObject\",\"inLanguage\":\"de\",\"@id\":\"https:\/\/kruikentournament.com\/#\/schema\/logo\/image\/\",\"url\":\"https:\/\/kruikentournament.com\/wp-content\/uploads\/2024\/08\/kruikentournament-logo-2024.png\",\"contentUrl\":\"https:\/\/kruikentournament.com\/wp-content\/uploads\/2024\/08\/kruikentournament-logo-2024.png\",\"width\":191,\"height\":107,\"caption\":\"International Kruikentournament\"},\"image\":{\"@id\":\"https:\/\/kruikentournament.com\/#\/schema\/logo\/image\/\"}}]}<\/script>\n<!-- \/ Yoast SEO plugin. -->","yoast_head_json":{"title":"\u00dcber uns - International Kruikentournament Tilburg","description":"Auf dieser Seite kommen Sie zu wissen wer die Mitglieder sind, und Sie k\u00f6nnen alles \u00fcber HC Tilburg lesen.","robots":{"index":"index","follow":"follow","max-snippet":"max-snippet:-1","max-image-preview":"max-image-preview:large","max-video-preview":"max-video-preview:-1"},"canonical":"https:\/\/kruikentournament.com\/de\/uber-uns\/","og_locale":"de_DE","og_type":"article","og_title":"\u00dcber uns - International Kruikentournament Tilburg","og_description":"Auf dieser Seite kommen Sie zu wissen wer die Mitglieder sind, und Sie k\u00f6nnen alles \u00fcber HC Tilburg lesen.","og_url":"https:\/\/kruikentournament.com\/de\/uber-uns\/","og_site_name":"International Kruikentournament","article_modified_time":"2024-09-19T08:04:02+00:00","twitter_misc":{"Gesch\u00e4tzte Lesezeit":"1\u00a0Minute"},"schema":{"@context":"https:\/\/schema.org","@graph":[{"@type":"WebPage","@id":"https:\/\/kruikentournament.com\/de\/uber-uns\/","url":"https:\/\/kruikentournament.com\/de\/uber-uns\/","name":"\u00dcber uns - International Kruikentournament Tilburg","isPartOf":{"@id":"https:\/\/kruikentournament.com\/#website"},"datePublished":"2013-09-27T13:08:43+00:00","dateModified":"2024-09-19T08:04:02+00:00","description":"Auf dieser Seite kommen Sie zu wissen wer die Mitglieder sind, und Sie k\u00f6nnen alles \u00fcber HC Tilburg lesen.","inLanguage":"de","potentialAction":[{"@type":"ReadAction","target":["https:\/\/kruikentournament.com\/de\/uber-uns\/"]}]},{"@type":"WebSite","@id":"https:\/\/kruikentournament.com\/#website","url":"https:\/\/kruikentournament.com\/","name":"International Kruikentournament","description":"Hockey toernooi voor O-16 jeugd bij HC Tilburg","publisher":{"@id":"https:\/\/kruikentournament.com\/#organization"},"potentialAction":[{"@type":"SearchAction","target":{"@type":"EntryPoint","urlTemplate":"https:\/\/kruikentournament.com\/?s={search_term_string}"},"query-input":{"@type":"PropertyValueSpecification","valueRequired":true,"valueName":"search_term_string"}}],"inLanguage":"de"},{"@type":"Organization","@id":"https:\/\/kruikentournament.com\/#organization","name":"International Kruikentournament","url":"https:\/\/kruikentournament.com\/","logo":{"@type":"ImageObject","inLanguage":"de","@id":"https:\/\/kruikentournament.com\/#\/schema\/logo\/image\/","url":"https:\/\/kruikentournament.com\/wp-content\/uploads\/2024\/08\/kruikentournament-logo-2024.png","contentUrl":"https:\/\/kruikentournament.com\/wp-content\/uploads\/2024\/08\/kruikentournament-logo-2024.png","width":191,"height":107,"caption":"International Kruikentournament"},"image":{"@id":"https:\/\/kruikentournament.com\/#\/schema\/logo\/image\/"}}]}},"_links":{"self":[{"href":"https:\/\/kruikentournament.com\/de\/wp-json\/wp\/v2\/pages\/116","targetHints":{"allow":["GET"]}}],"collection":[{"href":"https:\/\/kruikentournament.com\/de\/wp-json\/wp\/v2\/pages"}],"about":[{"href":"https:\/\/kruikentournament.com\/de\/wp-json\/wp\/v2\/types\/page"}],"author":[{"embeddable":true,"href":"https:\/\/kruikentournament.com\/de\/wp-json\/wp\/v2\/users\/8"}],"replies":[{"embeddable":true,"href":"https:\/\/kruikentournament.com\/de\/wp-json\/wp\/v2\/comments?post=116"}],"version-history":[{"count":6,"href":"https:\/\/kruikentournament.com\/de\/wp-json\/wp\/v2\/pages\/116\/revisions"}],"predecessor-version":[{"id":447,"href":"https:\/\/kruikentournament.com\/de\/wp-json\/wp\/v2\/pages\/116\/revisions\/447"}],"wp:attachment":[{"href":"https:\/\/kruikentournament.com\/de\/wp-json\/wp\/v2\/media?parent=116"}],"curies":[{"name":"wp","href":"https:\/\/api.w.org\/{rel}","templated":true}]}}