{"id":117,"date":"2013-09-30T13:30:57","date_gmt":"2013-09-30T12:30:57","guid":{"rendered":"http:\/\/kruikentournament.voorbeeldsite.net\/?page_id=117"},"modified":"2026-04-07T15:22:06","modified_gmt":"2026-04-07T14:22:06","slug":"bewerbungsformular","status":"publish","type":"page","link":"https:\/\/kruikentournament.com\/de\/bewerbungsformular\/","title":{"rendered":"Anmeldeformular"},"content":{"rendered":"<h3>ANMELDUNG F\u00dcR DAS IKT 2026 GESCHLOSSEN>.<\/h3>\n<h3><span style=\"font-size: 12px; line-height: 20px;\">\n                <div class='gf_browser_gecko gform_wrapper' id='gform_wrapper_1' ><form method='post' enctype='multipart\/form-data'  id='gform_1'  action='\/de\/wp-json\/wp\/v2\/pages\/117'>\n                        <div class='gform_heading'>\n                            <h3 class='gform_title'>Inschrijfformulier \/ Registration form \/ Anmeldeformular <\/h3>\n                            <span class='gform_description'><\/span>\n                        <\/div>\n                        <div class='gform_body'><ul id='gform_fields_1' class='gform_fields top_label form_sublabel_below description_below'><li id='field_1_1' class='gfield gfield_contains_required field_sublabel_below field_description_below gfield_visibility_visible' ><label class='gfield_label' for='input_1_1' >Club naam \/ Name of club \/ Name des Vereins<span class='gfield_required'>*<\/span><\/label><div class='ginput_container ginput_container_text'><input name='input_1' id='input_1_1' type='text' value='' class='medium'  tabindex='1'   aria-required=\"true\" aria-invalid=\"false\" \/><\/div><\/li><li id='field_1_2' class='gfield field_sublabel_below field_description_below gfield_visibility_visible' ><label class='gfield_label' for='input_1_2' >Website club<\/label><div class='ginput_container ginput_container_text'><input name='input_2' id='input_1_2' type='text' value='' class='medium'  tabindex='2'    aria-invalid=\"false\" \/><\/div><\/li><li id='field_1_3' class='gfield gfield_contains_required field_sublabel_below field_description_below gfield_visibility_visible' ><label class='gfield_label' for='input_1_3' >Team naam \/ Team name \/ Teamnamen<span class='gfield_required'>*<\/span><\/label><div class='ginput_container ginput_container_text'><input name='input_3' id='input_1_3' type='text' value='' class='medium'  tabindex='3'   aria-required=\"true\" aria-invalid=\"false\" \/><\/div><\/li><li id='field_1_4' class='gfield gfield_contains_required field_sublabel_below field_description_below gfield_visibility_visible' ><label class='gfield_label'  >Type team<span class='gfield_required'>*<\/span><\/label><div class='ginput_container ginput_container_radio'><ul class='gfield_radio' id='input_1_4'><li class='gchoice_1_4_0'><input name='input_4' type='radio' value='Jongens \/ boys \/ Jungen'  id='choice_1_4_0' tabindex='4'    \/><label for='choice_1_4_0' id='label_1_4_0'>Jongens \/ boys \/ Jungen<\/label><\/li><li class='gchoice_1_4_1'><input name='input_4' type='radio' value='Meisjes \/ girls \/ M\u00e4dchen'  id='choice_1_4_1' tabindex='5'    \/><label for='choice_1_4_1' id='label_1_4_1'>Meisjes \/ girls \/ M\u00e4dchen<\/label><\/li><\/ul><\/div><\/li><li id='field_1_5' class='gfield gfield_contains_required field_sublabel_below field_description_below gfield_visibility_visible' ><label class='gfield_label'  >Niveau \/ playing level<span class='gfield_required'>*<\/span><\/label><div class='ginput_container ginput_container_radio'><ul class='gfield_radio' id='input_1_5'><li class='gchoice_1_5_0'><input name='input_5' type='radio' value='Landelijk \/ National'  id='choice_1_5_0' tabindex='6'    \/><label for='choice_1_5_0' id='label_1_5_0'>Landelijk \/ National<\/label><\/li><li class='gchoice_1_5_1'><input name='input_5' type='radio' value='District \/ Regional'  id='choice_1_5_1' tabindex='7'    \/><label for='choice_1_5_1' id='label_1_5_1'>District \/ Regional<\/label><\/li><li class='gchoice_1_5_2'><input name='input_5' type='radio' value='gf_other_choice'  id='choice_1_5_2' tabindex='8'   onfocus=\"jQuery(this).next('input').focus();\" \/><input id='input_1_5_other' name='input_5_other' type='text' value='Anderes' aria-label='Anderes' onfocus='jQuery(this).prev(\"input\")[0].click(); if(jQuery(this).val() == \"Anderes\") { jQuery(this).val(\"\"); }' onblur='if(jQuery(this).val().replace(\" \", \"\") == \"\") { jQuery(this).val(\"Anderes\"); }' tabindex='8'   \/><\/li><\/ul><\/div><\/li><li id='field_1_6' class='gfield gfield_contains_required field_sublabel_below field_description_below gfield_visibility_visible' ><label class='gfield_label' for='input_1_6' >Aantal spelers incl. begeleiding \/ Number of players incl. staff \/ Anzahl Spieler einschlie\u00dflich Leitlinien<span class='gfield_required'>*<\/span><\/label><div class='ginput_container ginput_container_text'><input name='input_6' id='input_1_6' type='text' value='' class='small'  tabindex='9'   aria-required=\"true\" aria-invalid=\"false\" \/><\/div><div class='gfield_description'>Max. 16, anders additionele kosten \/ otherwise additional costs \/ sonst zus\u00e4tzliche Kosten<\/div><\/li><li id='field_1_7' class='gfield gfield_contains_required field_sublabel_below field_description_below gfield_visibility_visible' ><label class='gfield_label' for='input_1_7' >1e contactpersoon \/ 1st contact name \/ 1. Kontakt<span class='gfield_required'>*<\/span><\/label><div class='ginput_container ginput_container_text'><input name='input_7' id='input_1_7' type='text' value='' class='medium'  tabindex='10'   aria-required=\"true\" aria-invalid=\"false\" \/><\/div><\/li><li id='field_1_8' class='gfield gfield_contains_required field_sublabel_below field_description_below gfield_visibility_visible' ><label class='gfield_label' for='input_1_8' >Tel. \/ phone number \/ Rufnummer<span class='gfield_required'>*<\/span><\/label><div class='ginput_container ginput_container_text'><input name='input_8' id='input_1_8' type='text' value='' class='medium'  tabindex='11'   aria-required=\"true\" aria-invalid=\"false\" \/><\/div><\/li><li id='field_1_14' class='gfield gfield_contains_required field_sublabel_below field_description_below gfield_visibility_visible' ><label class='gfield_label gfield_label_before_complex' for='input_1_14' >Email adres \/ Email address \/ Email Adresse<span class='gfield_required'>*<\/span><\/label><div class='ginput_complex ginput_container ginput_container_email' id='input_1_14_container'>\n                                <span id='input_1_14_1_container' class='ginput_left'>\n                                    <input class='' type='text' name='input_14' id='input_1_14' value='' tabindex='12'    aria-required=\"true\" aria-invalid=\"false\"\/>\n                                    <label for='input_1_14' >E-Mail eingeben<\/label>\n                                <\/span>\n                                <span id='input_1_14_2_container' class='ginput_right'>\n                                    <input class='' type='text' name='input_14_2' id='input_1_14_2' value='' tabindex='13'   aria-required=\"true\" aria-invalid=\"false\"\/>\n                                    <label for='input_1_14_2' >E-Mail best\u00e4tigen<\/label>\n                                <\/span>\n                                <div class='gf_clear gf_clear_complex'><\/div>\n                            <\/div><\/li><li id='field_1_10' class='gfield field_sublabel_below field_description_below gfield_visibility_visible' ><label class='gfield_label' for='input_1_10' >2e contactpersoon \/ 2nd contact name \/ 2. Kontakt<\/label><div class='ginput_container ginput_container_text'><input name='input_10' id='input_1_10' type='text' value='' class='medium'  tabindex='14'    aria-invalid=\"false\" \/><\/div><\/li><li id='field_1_11' class='gfield field_sublabel_below field_description_below gfield_visibility_visible' ><label class='gfield_label' for='input_1_11' >Tel. \/ phone number \/ Rufnummer<\/label><div class='ginput_container ginput_container_text'><input name='input_11' id='input_1_11' type='text' value='' class='medium'  tabindex='15'    aria-invalid=\"false\" \/><\/div><\/li><li id='field_1_12' class='gfield field_sublabel_below field_description_below gfield_visibility_visible' ><label class='gfield_label' for='input_1_12' >Email adres \/ Email address \/  Email Adresse<\/label><div class='ginput_container ginput_container_text'><input name='input_12' id='input_1_12' type='text' value='' class='medium'  tabindex='16'    aria-invalid=\"false\" \/><\/div><\/li><li id='field_1_13' class='gfield field_sublabel_below field_description_below gfield_visibility_visible' ><label class='gfield_label' for='input_1_13' >CAPTCHA<\/label><div id='input_1_13' class='ginput_container ginput_recaptcha' data-sitekey='6Les1RAUAAAAAFf4bqbK68VD6NI84VTkGH-TU-lJ'  data-theme='light' ><\/div><\/li><li id='field_1_15' class='gfield field_sublabel_below field_description_below gfield_visibility_hidden' ><label class='gfield_label' for='input_1_15' >Teamnummer<\/label><div class='ginput_container ginput_container_text'><input name='input_15' id='input_1_15' type='text' value='2026136' class='medium'  tabindex='17'    aria-invalid=\"false\" \/><\/div><\/li>\n                            <\/ul><\/div>\n        <div class='gform_footer top_label'> <input type='submit' id='gform_submit_button_1' class='gform_button button' value='Verzenden \/ Send \/ senden' tabindex='18' onclick='if(window[\"gf_submitting_1\"]){return false;}  window[\"gf_submitting_1\"]=true;  ' onkeypress='if( event.keyCode == 13 ){ if(window[\"gf_submitting_1\"]){return false;} window[\"gf_submitting_1\"]=true;  jQuery(\"#gform_1\").trigger(\"submit\",[true]); }' \/> \n            <input type='hidden' class='gform_hidden' name='is_submit_1' value='1' \/>\n            <input type='hidden' class='gform_hidden' name='gform_submit' value='1' \/>\n            \n            <input type='hidden' class='gform_hidden' name='gform_unique_id' value='' \/>\n            <input type='hidden' class='gform_hidden' name='state_1' value='WyJbXSIsImE2OGY4ZDU2N2YzMmI4ZWQ2MzFhOWFmN2JlNGVmNTRiIl0=' \/>\n            <input type='hidden' class='gform_hidden' name='gform_target_page_number_1' id='gform_target_page_number_1' value='0' \/>\n            <input type='hidden' class='gform_hidden' name='gform_source_page_number_1' id='gform_source_page_number_1' value='1' \/>\n            <input type='hidden' name='gform_field_values' value='' \/>\n            \n        <\/div>\n                        <\/form>\n                        <\/div><script type='text\/javascript'> if(typeof gf_global == 'undefined') var gf_global = {\"gf_currency_config\":{\"name\":\"U.S. Dollar\",\"symbol_left\":\"$\",\"symbol_right\":\"\",\"symbol_padding\":\"\",\"thousand_separator\":\",\",\"decimal_separator\":\".\",\"decimals\":2},\"base_url\":\"https:\\\/\\\/kruikentournament.com\\\/wp-content\\\/plugins\\\/gravityforms\",\"number_formats\":[],\"spinnerUrl\":\"https:\\\/\\\/kruikentournament.com\\\/wp-content\\\/plugins\\\/gravityforms\\\/images\\\/spinner.gif\"};jQuery(document).bind('gform_post_render', function(event, formId, currentPage){if(formId == 1) {} } );jQuery(document).bind('gform_post_conditional_logic', function(event, formId, fields, isInit){} );<\/script><script type='text\/javascript'> jQuery(document).ready(function(){jQuery(document).trigger('gform_post_render', [1, 1]) } ); <\/script><\/span><\/h3>\n<p>F\u00fcr die Teilnahme gelten die ALLGEMEINEN GESCH\u00c4FTSBEDINGUNGEN und Turnierbestimmungen.<\/p>\n<p>BITTE BEACHTEN: Das Internationale Pokalturnier ist ein Hochleistungsturnier, bei dem Eishockey auf hohem Niveau gespielt wird. Die Anmeldungen erfolgen in der Reihenfolge der Anmeldung. Zugelassen sind in jedem Fall Mannschaften aus dem nationalen Wettbewerb und der Super-U16 (bis zur H\u00f6chstzahl pro Kategorie). Wenn Sie in der h\u00f6chsten Klasse oder niedriger spielen, besteht die M\u00f6glichkeit, dass Sie zuerst auf einer Warteliste landen.<\/p>\n<p>Nach dem Absenden des Formulars erhalten Sie eine automatische Best\u00e4tigung. Unser Ziel ist es, Ihre Anmeldung innerhalb einer Woche zu best\u00e4tigen oder weitere Fragen zu stellen. Wir bitten um Ihr Verst\u00e4ndnis.<\/p>\n<p>&nbsp;<\/p>\n<p>&nbsp;<\/p>","protected":false},"excerpt":{"rendered":"<p>ANMELDUNG F\u00dcR DAS IKT 2026 GESCHLOSSEN>. F\u00fcr die Teilnahme gelten die ALLGEMEINEN GESCH\u00c4FTSBEDINGUNGEN und Turnierbestimmungen. BITTE BEACHTEN: Das Internationale Pokalturnier ist ein Hochleistungsturnier, bei dem Eishockey auf hohem Niveau gespielt wird. Die Anmeldungen erfolgen in der Reihenfolge der Anmeldung. Zugelassen sind in jedem Fall Mannschaften aus dem nationalen Wettbewerb und der Super-U16 (bis zur H\u00f6chstzahl [&hellip;]<\/p>\n","protected":false},"author":8,"featured_media":0,"parent":0,"menu_order":0,"comment_status":"open","ping_status":"open","template":"","meta":{"footnotes":""},"class_list":["post-117","page","type-page","status-publish","hentry"],"yoast_head":"<!-- This site is optimized with the Yoast SEO plugin v26.7 - https:\/\/yoast.com\/wordpress\/plugins\/seo\/ -->\n<title>Anmelden - International Kruikentournament Tilburg<\/title>\n<meta name=\"description\" content=\"Jetzt k\u00f6nnen Sie ihr Hockey Team anmelden f\u00fcr das International Kruikentournament Tilburg.\" \/>\n<meta name=\"robots\" content=\"index, follow, max-snippet:-1, max-image-preview:large, max-video-preview:-1\" \/>\n<link rel=\"canonical\" href=\"https:\/\/kruikentournament.com\/de\/bewerbungsformular\/\" \/>\n<meta property=\"og:locale\" content=\"de_DE\" \/>\n<meta property=\"og:type\" content=\"article\" \/>\n<meta property=\"og:title\" content=\"Anmelden - International Kruikentournament Tilburg\" \/>\n<meta property=\"og:description\" content=\"Jetzt k\u00f6nnen Sie ihr Hockey Team anmelden f\u00fcr das International Kruikentournament Tilburg.\" \/>\n<meta property=\"og:url\" content=\"https:\/\/kruikentournament.com\/de\/bewerbungsformular\/\" \/>\n<meta property=\"og:site_name\" content=\"International Kruikentournament\" \/>\n<meta property=\"article:modified_time\" content=\"2026-04-07T14:22:06+00:00\" \/>\n<meta name=\"twitter:label1\" content=\"Gesch\u00e4tzte Lesezeit\" \/>\n\t<meta name=\"twitter:data1\" content=\"1\u00a0Minute\" \/>\n<script type=\"application\/ld+json\" class=\"yoast-schema-graph\">{\"@context\":\"https:\/\/schema.org\",\"@graph\":[{\"@type\":\"WebPage\",\"@id\":\"https:\/\/kruikentournament.com\/de\/bewerbungsformular\/\",\"url\":\"https:\/\/kruikentournament.com\/de\/bewerbungsformular\/\",\"name\":\"Anmelden - International Kruikentournament Tilburg\",\"isPartOf\":{\"@id\":\"https:\/\/kruikentournament.com\/#website\"},\"datePublished\":\"2013-09-30T12:30:57+00:00\",\"dateModified\":\"2026-04-07T14:22:06+00:00\",\"description\":\"Jetzt k\u00f6nnen Sie ihr Hockey Team anmelden f\u00fcr das International Kruikentournament Tilburg.\",\"inLanguage\":\"de\",\"potentialAction\":[{\"@type\":\"ReadAction\",\"target\":[\"https:\/\/kruikentournament.com\/de\/bewerbungsformular\/\"]}]},{\"@type\":\"WebSite\",\"@id\":\"https:\/\/kruikentournament.com\/#website\",\"url\":\"https:\/\/kruikentournament.com\/\",\"name\":\"International Kruikentournament\",\"description\":\"Hockey toernooi voor O-16 jeugd bij HC Tilburg\",\"publisher\":{\"@id\":\"https:\/\/kruikentournament.com\/#organization\"},\"potentialAction\":[{\"@type\":\"SearchAction\",\"target\":{\"@type\":\"EntryPoint\",\"urlTemplate\":\"https:\/\/kruikentournament.com\/?s={search_term_string}\"},\"query-input\":{\"@type\":\"PropertyValueSpecification\",\"valueRequired\":true,\"valueName\":\"search_term_string\"}}],\"inLanguage\":\"de\"},{\"@type\":\"Organization\",\"@id\":\"https:\/\/kruikentournament.com\/#organization\",\"name\":\"International Kruikentournament\",\"url\":\"https:\/\/kruikentournament.com\/\",\"logo\":{\"@type\":\"ImageObject\",\"inLanguage\":\"de\",\"@id\":\"https:\/\/kruikentournament.com\/#\/schema\/logo\/image\/\",\"url\":\"https:\/\/kruikentournament.com\/wp-content\/uploads\/2024\/08\/kruikentournament-logo-2024.png\",\"contentUrl\":\"https:\/\/kruikentournament.com\/wp-content\/uploads\/2024\/08\/kruikentournament-logo-2024.png\",\"width\":191,\"height\":107,\"caption\":\"International Kruikentournament\"},\"image\":{\"@id\":\"https:\/\/kruikentournament.com\/#\/schema\/logo\/image\/\"}}]}<\/script>\n<!-- \/ Yoast SEO plugin. -->","yoast_head_json":{"title":"Anmelden - International Kruikentournament Tilburg","description":"Jetzt k\u00f6nnen Sie ihr Hockey Team anmelden f\u00fcr das International Kruikentournament Tilburg.","robots":{"index":"index","follow":"follow","max-snippet":"max-snippet:-1","max-image-preview":"max-image-preview:large","max-video-preview":"max-video-preview:-1"},"canonical":"https:\/\/kruikentournament.com\/de\/bewerbungsformular\/","og_locale":"de_DE","og_type":"article","og_title":"Anmelden - International Kruikentournament Tilburg","og_description":"Jetzt k\u00f6nnen Sie ihr Hockey Team anmelden f\u00fcr das International Kruikentournament Tilburg.","og_url":"https:\/\/kruikentournament.com\/de\/bewerbungsformular\/","og_site_name":"International Kruikentournament","article_modified_time":"2026-04-07T14:22:06+00:00","twitter_misc":{"Gesch\u00e4tzte Lesezeit":"1\u00a0Minute"},"schema":{"@context":"https:\/\/schema.org","@graph":[{"@type":"WebPage","@id":"https:\/\/kruikentournament.com\/de\/bewerbungsformular\/","url":"https:\/\/kruikentournament.com\/de\/bewerbungsformular\/","name":"Anmelden - International Kruikentournament Tilburg","isPartOf":{"@id":"https:\/\/kruikentournament.com\/#website"},"datePublished":"2013-09-30T12:30:57+00:00","dateModified":"2026-04-07T14:22:06+00:00","description":"Jetzt k\u00f6nnen Sie ihr Hockey Team anmelden f\u00fcr das International Kruikentournament Tilburg.","inLanguage":"de","potentialAction":[{"@type":"ReadAction","target":["https:\/\/kruikentournament.com\/de\/bewerbungsformular\/"]}]},{"@type":"WebSite","@id":"https:\/\/kruikentournament.com\/#website","url":"https:\/\/kruikentournament.com\/","name":"International Kruikentournament","description":"Hockey toernooi voor O-16 jeugd bij HC Tilburg","publisher":{"@id":"https:\/\/kruikentournament.com\/#organization"},"potentialAction":[{"@type":"SearchAction","target":{"@type":"EntryPoint","urlTemplate":"https:\/\/kruikentournament.com\/?s={search_term_string}"},"query-input":{"@type":"PropertyValueSpecification","valueRequired":true,"valueName":"search_term_string"}}],"inLanguage":"de"},{"@type":"Organization","@id":"https:\/\/kruikentournament.com\/#organization","name":"International Kruikentournament","url":"https:\/\/kruikentournament.com\/","logo":{"@type":"ImageObject","inLanguage":"de","@id":"https:\/\/kruikentournament.com\/#\/schema\/logo\/image\/","url":"https:\/\/kruikentournament.com\/wp-content\/uploads\/2024\/08\/kruikentournament-logo-2024.png","contentUrl":"https:\/\/kruikentournament.com\/wp-content\/uploads\/2024\/08\/kruikentournament-logo-2024.png","width":191,"height":107,"caption":"International Kruikentournament"},"image":{"@id":"https:\/\/kruikentournament.com\/#\/schema\/logo\/image\/"}}]}},"_links":{"self":[{"href":"https:\/\/kruikentournament.com\/de\/wp-json\/wp\/v2\/pages\/117","targetHints":{"allow":["GET"]}}],"collection":[{"href":"https:\/\/kruikentournament.com\/de\/wp-json\/wp\/v2\/pages"}],"about":[{"href":"https:\/\/kruikentournament.com\/de\/wp-json\/wp\/v2\/types\/page"}],"author":[{"embeddable":true,"href":"https:\/\/kruikentournament.com\/de\/wp-json\/wp\/v2\/users\/8"}],"replies":[{"embeddable":true,"href":"https:\/\/kruikentournament.com\/de\/wp-json\/wp\/v2\/comments?post=117"}],"version-history":[{"count":16,"href":"https:\/\/kruikentournament.com\/de\/wp-json\/wp\/v2\/pages\/117\/revisions"}],"predecessor-version":[{"id":4135,"href":"https:\/\/kruikentournament.com\/de\/wp-json\/wp\/v2\/pages\/117\/revisions\/4135"}],"wp:attachment":[{"href":"https:\/\/kruikentournament.com\/de\/wp-json\/wp\/v2\/media?parent=117"}],"curies":[{"name":"wp","href":"https:\/\/api.w.org\/{rel}","templated":true}]}}