{"id":121,"date":"2013-09-30T12:23:43","date_gmt":"2013-09-30T11:23:43","guid":{"rendered":"http:\/\/kruikentournament.voorbeeldsite.net\/nieuws-2\/"},"modified":"2024-09-19T09:02:56","modified_gmt":"2024-09-19T08:02:56","slug":"nieuws","status":"publish","type":"page","link":"https:\/\/kruikentournament.com\/de\/nieuws\/","title":{"rendered":"Nachrichten"},"content":{"rendered":"<p>Wir blicken zur\u00fcck auf ein erfolgreiches Turnier! Wir haben alle positive Teilnehmer, ihre Begeisterung und der Leitung und das sonnige Wetter genossen. Schauen Sie sich die Fotos an und bekommen Sie eine Ahnung was f\u00fcr ein fantastisches Turnier es war.<\/p>\n<p>Vielen Dank, die du da warst. F\u00fcr einige (unter Ber\u00fccksichtigung des Alters), hoffen wir Sie n\u00e4chstes Jahr zu sehen!<\/p>","protected":false},"excerpt":{"rendered":"<p>Wir blicken zur\u00fcck auf ein erfolgreiches Turnier! Wir haben alle positive Teilnehmer, ihre Begeisterung und der Leitung und das sonnige Wetter genossen. Schauen Sie sich die Fotos an und bekommen Sie eine Ahnung was f\u00fcr ein fantastisches Turnier es war. Vielen Dank, die du da warst. F\u00fcr einige (unter Ber\u00fccksichtigung des Alters), hoffen wir Sie [&hellip;]<\/p>\n","protected":false},"author":8,"featured_media":0,"parent":0,"menu_order":0,"comment_status":"open","ping_status":"closed","template":"","meta":{"footnotes":""},"class_list":["post-121","page","type-page","status-publish","hentry"],"yoast_head":"<!-- This site is optimized with the Yoast SEO plugin v26.7 - https:\/\/yoast.com\/wordpress\/plugins\/seo\/ -->\n<title>Nachrichten - International Kruikentournament Tilburg<\/title>\n<meta name=\"description\" content=\"Lesen Sie alles \u00fcber das hockey Turnier International Kruikentournament, welches bei HC Tilburg organisiert wurdet. Nur in Niederlandisch verfugbar.\" \/>\n<meta name=\"robots\" content=\"index, follow, max-snippet:-1, max-image-preview:large, max-video-preview:-1\" \/>\n<link rel=\"canonical\" href=\"https:\/\/kruikentournament.com\/de\/nieuws\/\" \/>\n<meta property=\"og:locale\" content=\"de_DE\" \/>\n<meta property=\"og:type\" content=\"article\" \/>\n<meta property=\"og:title\" content=\"Nachrichten - International Kruikentournament Tilburg\" \/>\n<meta property=\"og:description\" content=\"Lesen Sie alles \u00fcber das hockey Turnier International Kruikentournament, welches bei HC Tilburg organisiert wurdet. Nur in Niederlandisch verfugbar.\" \/>\n<meta property=\"og:url\" content=\"https:\/\/kruikentournament.com\/de\/nieuws\/\" \/>\n<meta property=\"og:site_name\" content=\"International Kruikentournament\" \/>\n<meta property=\"article:modified_time\" content=\"2024-09-19T08:02:56+00:00\" \/>\n<meta name=\"twitter:label1\" content=\"Gesch\u00e4tzte Lesezeit\" \/>\n\t<meta name=\"twitter:data1\" content=\"1\u00a0Minute\" \/>\n<script type=\"application\/ld+json\" class=\"yoast-schema-graph\">{\"@context\":\"https:\/\/schema.org\",\"@graph\":[{\"@type\":\"WebPage\",\"@id\":\"https:\/\/kruikentournament.com\/de\/nieuws\/\",\"url\":\"https:\/\/kruikentournament.com\/de\/nieuws\/\",\"name\":\"Nachrichten - International Kruikentournament Tilburg\",\"isPartOf\":{\"@id\":\"https:\/\/kruikentournament.com\/#website\"},\"datePublished\":\"2013-09-30T11:23:43+00:00\",\"dateModified\":\"2024-09-19T08:02:56+00:00\",\"description\":\"Lesen Sie alles \u00fcber das hockey Turnier International Kruikentournament, welches bei HC Tilburg organisiert wurdet. Nur in Niederlandisch verfugbar.\",\"inLanguage\":\"de\",\"potentialAction\":[{\"@type\":\"ReadAction\",\"target\":[\"https:\/\/kruikentournament.com\/de\/nieuws\/\"]}]},{\"@type\":\"WebSite\",\"@id\":\"https:\/\/kruikentournament.com\/#website\",\"url\":\"https:\/\/kruikentournament.com\/\",\"name\":\"International Kruikentournament\",\"description\":\"Hockey toernooi voor O-16 jeugd bij HC Tilburg\",\"publisher\":{\"@id\":\"https:\/\/kruikentournament.com\/#organization\"},\"potentialAction\":[{\"@type\":\"SearchAction\",\"target\":{\"@type\":\"EntryPoint\",\"urlTemplate\":\"https:\/\/kruikentournament.com\/?s={search_term_string}\"},\"query-input\":{\"@type\":\"PropertyValueSpecification\",\"valueRequired\":true,\"valueName\":\"search_term_string\"}}],\"inLanguage\":\"de\"},{\"@type\":\"Organization\",\"@id\":\"https:\/\/kruikentournament.com\/#organization\",\"name\":\"International Kruikentournament\",\"url\":\"https:\/\/kruikentournament.com\/\",\"logo\":{\"@type\":\"ImageObject\",\"inLanguage\":\"de\",\"@id\":\"https:\/\/kruikentournament.com\/#\/schema\/logo\/image\/\",\"url\":\"https:\/\/kruikentournament.com\/wp-content\/uploads\/2024\/08\/kruikentournament-logo-2024.png\",\"contentUrl\":\"https:\/\/kruikentournament.com\/wp-content\/uploads\/2024\/08\/kruikentournament-logo-2024.png\",\"width\":191,\"height\":107,\"caption\":\"International Kruikentournament\"},\"image\":{\"@id\":\"https:\/\/kruikentournament.com\/#\/schema\/logo\/image\/\"}}]}<\/script>\n<!-- \/ Yoast SEO plugin. -->","yoast_head_json":{"title":"Nachrichten - International Kruikentournament Tilburg","description":"Lesen Sie alles \u00fcber das hockey Turnier International Kruikentournament, welches bei HC Tilburg organisiert wurdet. Nur in Niederlandisch verfugbar.","robots":{"index":"index","follow":"follow","max-snippet":"max-snippet:-1","max-image-preview":"max-image-preview:large","max-video-preview":"max-video-preview:-1"},"canonical":"https:\/\/kruikentournament.com\/de\/nieuws\/","og_locale":"de_DE","og_type":"article","og_title":"Nachrichten - International Kruikentournament Tilburg","og_description":"Lesen Sie alles \u00fcber das hockey Turnier International Kruikentournament, welches bei HC Tilburg organisiert wurdet. Nur in Niederlandisch verfugbar.","og_url":"https:\/\/kruikentournament.com\/de\/nieuws\/","og_site_name":"International Kruikentournament","article_modified_time":"2024-09-19T08:02:56+00:00","twitter_misc":{"Gesch\u00e4tzte Lesezeit":"1\u00a0Minute"},"schema":{"@context":"https:\/\/schema.org","@graph":[{"@type":"WebPage","@id":"https:\/\/kruikentournament.com\/de\/nieuws\/","url":"https:\/\/kruikentournament.com\/de\/nieuws\/","name":"Nachrichten - International Kruikentournament Tilburg","isPartOf":{"@id":"https:\/\/kruikentournament.com\/#website"},"datePublished":"2013-09-30T11:23:43+00:00","dateModified":"2024-09-19T08:02:56+00:00","description":"Lesen Sie alles \u00fcber das hockey Turnier International Kruikentournament, welches bei HC Tilburg organisiert wurdet. Nur in Niederlandisch verfugbar.","inLanguage":"de","potentialAction":[{"@type":"ReadAction","target":["https:\/\/kruikentournament.com\/de\/nieuws\/"]}]},{"@type":"WebSite","@id":"https:\/\/kruikentournament.com\/#website","url":"https:\/\/kruikentournament.com\/","name":"International Kruikentournament","description":"Hockey toernooi voor O-16 jeugd bij HC Tilburg","publisher":{"@id":"https:\/\/kruikentournament.com\/#organization"},"potentialAction":[{"@type":"SearchAction","target":{"@type":"EntryPoint","urlTemplate":"https:\/\/kruikentournament.com\/?s={search_term_string}"},"query-input":{"@type":"PropertyValueSpecification","valueRequired":true,"valueName":"search_term_string"}}],"inLanguage":"de"},{"@type":"Organization","@id":"https:\/\/kruikentournament.com\/#organization","name":"International Kruikentournament","url":"https:\/\/kruikentournament.com\/","logo":{"@type":"ImageObject","inLanguage":"de","@id":"https:\/\/kruikentournament.com\/#\/schema\/logo\/image\/","url":"https:\/\/kruikentournament.com\/wp-content\/uploads\/2024\/08\/kruikentournament-logo-2024.png","contentUrl":"https:\/\/kruikentournament.com\/wp-content\/uploads\/2024\/08\/kruikentournament-logo-2024.png","width":191,"height":107,"caption":"International Kruikentournament"},"image":{"@id":"https:\/\/kruikentournament.com\/#\/schema\/logo\/image\/"}}]}},"_links":{"self":[{"href":"https:\/\/kruikentournament.com\/de\/wp-json\/wp\/v2\/pages\/121","targetHints":{"allow":["GET"]}}],"collection":[{"href":"https:\/\/kruikentournament.com\/de\/wp-json\/wp\/v2\/pages"}],"about":[{"href":"https:\/\/kruikentournament.com\/de\/wp-json\/wp\/v2\/types\/page"}],"author":[{"embeddable":true,"href":"https:\/\/kruikentournament.com\/de\/wp-json\/wp\/v2\/users\/8"}],"replies":[{"embeddable":true,"href":"https:\/\/kruikentournament.com\/de\/wp-json\/wp\/v2\/comments?post=121"}],"version-history":[{"count":5,"href":"https:\/\/kruikentournament.com\/de\/wp-json\/wp\/v2\/pages\/121\/revisions"}],"predecessor-version":[{"id":985,"href":"https:\/\/kruikentournament.com\/de\/wp-json\/wp\/v2\/pages\/121\/revisions\/985"}],"wp:attachment":[{"href":"https:\/\/kruikentournament.com\/de\/wp-json\/wp\/v2\/media?parent=121"}],"curies":[{"name":"wp","href":"https:\/\/api.w.org\/{rel}","templated":true}]}}