{"id":135,"date":"2013-10-02T11:07:28","date_gmt":"2013-10-02T10:07:28","guid":{"rendered":"http:\/\/kruikentournament.voorbeeldsite.net\/?page_id=135"},"modified":"2025-11-08T09:56:39","modified_gmt":"2025-11-08T08:56:39","slug":"allgemeine-informationen","status":"publish","type":"page","link":"https:\/\/kruikentournament.com\/de\/bewerbungsformular\/allgemeine-informationen\/","title":{"rendered":"Allgemeine Informationen"},"content":{"rendered":"<p>Am Samstag, den 23. und Sonntag, den 24. Mai (Pfingsten) 2026 wird das Internationale Kruiken-Turnier f\u00fcr U16-Mannschaften zum 42. Mal auf und um die Hockeypl\u00e4tze des Tilburg Hockey Clubs in Tilburg organisiert.<\/p>\n<p>Nachdem das Hockeyturnier 33 Jahre lang beim TMHC Forward organisiert wurde, findet es seit der Fusion mit dem TMHC Tilburg genauso erfolgreich beim HC Tilburg statt.<\/p>\n<p>Das Internationale Kruiken-Turnier ist ein kompetitives Hockeyturnier, es wird also Feldhockey auf hohem Niveau gespielt. Die Liste der Gewinner seit 1978 enth\u00e4lt die Namen verschiedener Top-Clubs aus dem In- und Ausland. Verschiedene nationale und Bezirksauswahlen waren regelm\u00e4\u00dfig unter den Teilnehmern. Dar\u00fcber hinaus kommt der Spa\u00df sicherlich nicht zu kurz, die Turnierparty am Samstagabend hat ihren Ruhm erlangt.<\/p>\n<p>Die Titelverteidiger bei den M\u00e4dchen ist HC Tilburg, das im Finale gegen Push Breda gewann, und bei den Jungen das Team vom Push Breda, das im Finale Hurley aus Amsterdam besiegte.<\/p>\n<h2>Ausgabe 2026<\/h2>\n<p>Das Kruiken-Turnier 2026 findet am Samstag, den 23. und Sonntag, den 24. Mai statt. Die Spiele werden auf den Kunstrasenpl\u00e4tzen des HC Tilburg in Tilburg ausgetragen, die aus 3 Wasserpl\u00e4tzen, 3 Halbwasserpl\u00e4tzen und 1 Sandplatz bestehen. Das Turnier kann von Jungen- und M\u00e4dchenteams unter 16 Jahren besucht werden, die in der nationalen und regionalen Topklasse spielen.<\/p>\n<p>Die Anmeldung erfolgt in der Reihenfolge der Anmeldung. Teams aus den nationalen und regionalen Wettbewerben sind in jedem Fall zugelassen. Wenn Ihr Team etwas weiter unten spielt, besteht die M\u00f6glichkeit, dass Sie zun\u00e4chst auf einer Warteliste landen.<\/p>\n<p>Die Schiedsrichter werden von Bundesschiedsrichtern (oder in Ausbildung) haupts\u00e4chlich aus dem s\u00fcdniederl\u00e4ndischen Bezirk des KNHB geleitet, aber im Allgemeinen sind auch niederl\u00e4ndische und ausl\u00e4ndische Schiedsrichter von regionaler und nationaler Ebene anwesend, um sicherzustellen, dass dies auch auf einem Niveau erfolgt, das dem Niveau der teilnehmenden Teams entspricht.<\/p>\n<h2>Programm<\/h2>\n<p>Die ersten Spiele beginnen am Samstag, den 7. Juni, um 10:30 Uhr. Samstagabend ist die gro\u00dfe Turnierparty. Am Sonntag beginnen die Spiele um 10:00 Uhr, die Finals werden ab 14:30 Uhr ausgetragen.<\/p>\n<h2>Teilnahmekosten<\/h2>\n<p>Die Anmeldegeb\u00fchr pro Team (18 Personen inkl. Betreuung) f\u00fcr dieses Turnier betr\u00e4gt \u20ac. 630 Darin enthalten sind die Kosten f\u00fcr die Verpflegung, n\u00e4mlich Mittag- und Abendessen am Samstag, Fr\u00fchst\u00fcck und Mittagessen am Sonntag. Wenn Sie mit mehr kommen, ist das nat\u00fcrlich kein Problem. Die Kosten pro zus\u00e4tzlicher Person betragen \u20ac 35,00.<\/p>\n<p>Zur Anmeldung gehen Sie zu <a href=\"https:\/\/kruikentournament.com\/de\/bewerbungsformular\/\" target=\"_blank\" rel=\"noopener\">https:\/\/kruikentournament.com\/de\/bewerbungsformular<\/a><\/p>\n<h2>\u00dcbernachtung<\/h2>\n<p>Die Teams k\u00f6nnen in den Unterk\u00fcnften in Zelten \u00fcbernachten, die sie mitbringen. Auf Wunsch kann ein Teamzelt gemietet werden. Dies ist ein Zelt mit festem Boden und einer Gr\u00f6\u00dfe von mindestens 20 m\u00b2. Dieses steht bei der Ankunft bereit. Wir sind noch in Absprache mit verschiedenen Unternehmen, um diese Teamzelte bereitzustellen. SDie Kosten sind \u20ac400 pro Zelt.<\/p>\n<p>&nbsp;<\/p>\n<p>&nbsp;<\/p>","protected":false},"excerpt":{"rendered":"<p>Am Samstag, den 23. und Sonntag, den 24. Mai (Pfingsten) 2026 wird das Internationale Kruiken-Turnier f\u00fcr U16-Mannschaften zum 42. Mal auf und um die Hockeypl\u00e4tze des Tilburg Hockey Clubs in Tilburg organisiert. Nachdem das Hockeyturnier 33 Jahre lang beim TMHC Forward organisiert wurde, findet es seit der Fusion mit dem TMHC Tilburg genauso erfolgreich beim [&hellip;]<\/p>\n","protected":false},"author":8,"featured_media":0,"parent":117,"menu_order":0,"comment_status":"open","ping_status":"open","template":"","meta":{"footnotes":""},"class_list":["post-135","page","type-page","status-publish","hentry"],"yoast_head":"<!-- This site is optimized with the Yoast SEO plugin v26.7 - https:\/\/yoast.com\/wordpress\/plugins\/seo\/ -->\n<title>Allgemeine informationen - International Kruikentournament Tilburg<\/title>\n<meta name=\"description\" content=\"Am Samstag, den 23. und Sonntag, den 24. Mai (Pfingsten) 2026 wird das Internationale Kruiken-Turnier f\u00fcr U16-Mannschaften zum 42. Mal auf und um die\" \/>\n<meta name=\"robots\" content=\"index, follow, max-snippet:-1, max-image-preview:large, max-video-preview:-1\" \/>\n<link rel=\"canonical\" href=\"https:\/\/kruikentournament.com\/de\/bewerbungsformular\/allgemeine-informationen\/\" \/>\n<meta property=\"og:locale\" content=\"de_DE\" \/>\n<meta property=\"og:type\" content=\"article\" \/>\n<meta property=\"og:title\" content=\"Allgemeine informationen - International Kruikentournament Tilburg\" \/>\n<meta property=\"og:description\" content=\"Am Samstag, den 23. und Sonntag, den 24. Mai (Pfingsten) 2026 wird das Internationale Kruiken-Turnier f\u00fcr U16-Mannschaften zum 42. Mal auf und um die\" \/>\n<meta property=\"og:url\" content=\"https:\/\/kruikentournament.com\/de\/bewerbungsformular\/allgemeine-informationen\/\" \/>\n<meta property=\"og:site_name\" content=\"International Kruikentournament\" \/>\n<meta property=\"article:modified_time\" content=\"2025-11-08T08:56:39+00:00\" \/>\n<meta name=\"twitter:label1\" content=\"Gesch\u00e4tzte Lesezeit\" \/>\n\t<meta name=\"twitter:data1\" content=\"3\u00a0Minuten\" \/>\n<script type=\"application\/ld+json\" class=\"yoast-schema-graph\">{\"@context\":\"https:\/\/schema.org\",\"@graph\":[{\"@type\":\"WebPage\",\"@id\":\"https:\/\/kruikentournament.com\/de\/bewerbungsformular\/allgemeine-informationen\/\",\"url\":\"https:\/\/kruikentournament.com\/de\/bewerbungsformular\/allgemeine-informationen\/\",\"name\":\"Allgemeine informationen - International Kruikentournament Tilburg\",\"isPartOf\":{\"@id\":\"https:\/\/kruikentournament.com\/#website\"},\"datePublished\":\"2013-10-02T10:07:28+00:00\",\"dateModified\":\"2025-11-08T08:56:39+00:00\",\"description\":\"Am Samstag, den 23. und Sonntag, den 24. Mai (Pfingsten) 2026 wird das Internationale Kruiken-Turnier f\u00fcr U16-Mannschaften zum 42. Mal auf und um die\",\"breadcrumb\":{\"@id\":\"https:\/\/kruikentournament.com\/de\/bewerbungsformular\/allgemeine-informationen\/#breadcrumb\"},\"inLanguage\":\"de\",\"potentialAction\":[{\"@type\":\"ReadAction\",\"target\":[\"https:\/\/kruikentournament.com\/de\/bewerbungsformular\/allgemeine-informationen\/\"]}]},{\"@type\":\"BreadcrumbList\",\"@id\":\"https:\/\/kruikentournament.com\/de\/bewerbungsformular\/allgemeine-informationen\/#breadcrumb\",\"itemListElement\":[{\"@type\":\"ListItem\",\"position\":1,\"name\":\"Anmeldeformular\",\"item\":\"https:\/\/kruikentournament.com\/de\/bewerbungsformular\/\"},{\"@type\":\"ListItem\",\"position\":2,\"name\":\"Allgemeine Informationen\"}]},{\"@type\":\"WebSite\",\"@id\":\"https:\/\/kruikentournament.com\/#website\",\"url\":\"https:\/\/kruikentournament.com\/\",\"name\":\"International Kruikentournament\",\"description\":\"Hockey toernooi voor O-16 jeugd bij HC Tilburg\",\"publisher\":{\"@id\":\"https:\/\/kruikentournament.com\/#organization\"},\"potentialAction\":[{\"@type\":\"SearchAction\",\"target\":{\"@type\":\"EntryPoint\",\"urlTemplate\":\"https:\/\/kruikentournament.com\/?s={search_term_string}\"},\"query-input\":{\"@type\":\"PropertyValueSpecification\",\"valueRequired\":true,\"valueName\":\"search_term_string\"}}],\"inLanguage\":\"de\"},{\"@type\":\"Organization\",\"@id\":\"https:\/\/kruikentournament.com\/#organization\",\"name\":\"International Kruikentournament\",\"url\":\"https:\/\/kruikentournament.com\/\",\"logo\":{\"@type\":\"ImageObject\",\"inLanguage\":\"de\",\"@id\":\"https:\/\/kruikentournament.com\/#\/schema\/logo\/image\/\",\"url\":\"https:\/\/kruikentournament.com\/wp-content\/uploads\/2024\/08\/kruikentournament-logo-2024.png\",\"contentUrl\":\"https:\/\/kruikentournament.com\/wp-content\/uploads\/2024\/08\/kruikentournament-logo-2024.png\",\"width\":191,\"height\":107,\"caption\":\"International Kruikentournament\"},\"image\":{\"@id\":\"https:\/\/kruikentournament.com\/#\/schema\/logo\/image\/\"}}]}<\/script>\n<!-- \/ Yoast SEO plugin. -->","yoast_head_json":{"title":"Allgemeine informationen - International Kruikentournament Tilburg","description":"Am Samstag, den 23. und Sonntag, den 24. Mai (Pfingsten) 2026 wird das Internationale Kruiken-Turnier f\u00fcr U16-Mannschaften zum 42. Mal auf und um die","robots":{"index":"index","follow":"follow","max-snippet":"max-snippet:-1","max-image-preview":"max-image-preview:large","max-video-preview":"max-video-preview:-1"},"canonical":"https:\/\/kruikentournament.com\/de\/bewerbungsformular\/allgemeine-informationen\/","og_locale":"de_DE","og_type":"article","og_title":"Allgemeine informationen - International Kruikentournament Tilburg","og_description":"Am Samstag, den 23. und Sonntag, den 24. Mai (Pfingsten) 2026 wird das Internationale Kruiken-Turnier f\u00fcr U16-Mannschaften zum 42. Mal auf und um die","og_url":"https:\/\/kruikentournament.com\/de\/bewerbungsformular\/allgemeine-informationen\/","og_site_name":"International Kruikentournament","article_modified_time":"2025-11-08T08:56:39+00:00","twitter_misc":{"Gesch\u00e4tzte Lesezeit":"3\u00a0Minuten"},"schema":{"@context":"https:\/\/schema.org","@graph":[{"@type":"WebPage","@id":"https:\/\/kruikentournament.com\/de\/bewerbungsformular\/allgemeine-informationen\/","url":"https:\/\/kruikentournament.com\/de\/bewerbungsformular\/allgemeine-informationen\/","name":"Allgemeine informationen - International Kruikentournament Tilburg","isPartOf":{"@id":"https:\/\/kruikentournament.com\/#website"},"datePublished":"2013-10-02T10:07:28+00:00","dateModified":"2025-11-08T08:56:39+00:00","description":"Am Samstag, den 23. und Sonntag, den 24. Mai (Pfingsten) 2026 wird das Internationale Kruiken-Turnier f\u00fcr U16-Mannschaften zum 42. Mal auf und um die","breadcrumb":{"@id":"https:\/\/kruikentournament.com\/de\/bewerbungsformular\/allgemeine-informationen\/#breadcrumb"},"inLanguage":"de","potentialAction":[{"@type":"ReadAction","target":["https:\/\/kruikentournament.com\/de\/bewerbungsformular\/allgemeine-informationen\/"]}]},{"@type":"BreadcrumbList","@id":"https:\/\/kruikentournament.com\/de\/bewerbungsformular\/allgemeine-informationen\/#breadcrumb","itemListElement":[{"@type":"ListItem","position":1,"name":"Anmeldeformular","item":"https:\/\/kruikentournament.com\/de\/bewerbungsformular\/"},{"@type":"ListItem","position":2,"name":"Allgemeine Informationen"}]},{"@type":"WebSite","@id":"https:\/\/kruikentournament.com\/#website","url":"https:\/\/kruikentournament.com\/","name":"International Kruikentournament","description":"Hockey toernooi voor O-16 jeugd bij HC Tilburg","publisher":{"@id":"https:\/\/kruikentournament.com\/#organization"},"potentialAction":[{"@type":"SearchAction","target":{"@type":"EntryPoint","urlTemplate":"https:\/\/kruikentournament.com\/?s={search_term_string}"},"query-input":{"@type":"PropertyValueSpecification","valueRequired":true,"valueName":"search_term_string"}}],"inLanguage":"de"},{"@type":"Organization","@id":"https:\/\/kruikentournament.com\/#organization","name":"International Kruikentournament","url":"https:\/\/kruikentournament.com\/","logo":{"@type":"ImageObject","inLanguage":"de","@id":"https:\/\/kruikentournament.com\/#\/schema\/logo\/image\/","url":"https:\/\/kruikentournament.com\/wp-content\/uploads\/2024\/08\/kruikentournament-logo-2024.png","contentUrl":"https:\/\/kruikentournament.com\/wp-content\/uploads\/2024\/08\/kruikentournament-logo-2024.png","width":191,"height":107,"caption":"International Kruikentournament"},"image":{"@id":"https:\/\/kruikentournament.com\/#\/schema\/logo\/image\/"}}]}},"_links":{"self":[{"href":"https:\/\/kruikentournament.com\/de\/wp-json\/wp\/v2\/pages\/135","targetHints":{"allow":["GET"]}}],"collection":[{"href":"https:\/\/kruikentournament.com\/de\/wp-json\/wp\/v2\/pages"}],"about":[{"href":"https:\/\/kruikentournament.com\/de\/wp-json\/wp\/v2\/types\/page"}],"author":[{"embeddable":true,"href":"https:\/\/kruikentournament.com\/de\/wp-json\/wp\/v2\/users\/8"}],"replies":[{"embeddable":true,"href":"https:\/\/kruikentournament.com\/de\/wp-json\/wp\/v2\/comments?post=135"}],"version-history":[{"count":30,"href":"https:\/\/kruikentournament.com\/de\/wp-json\/wp\/v2\/pages\/135\/revisions"}],"predecessor-version":[{"id":3957,"href":"https:\/\/kruikentournament.com\/de\/wp-json\/wp\/v2\/pages\/135\/revisions\/3957"}],"up":[{"embeddable":true,"href":"https:\/\/kruikentournament.com\/de\/wp-json\/wp\/v2\/pages\/117"}],"wp:attachment":[{"href":"https:\/\/kruikentournament.com\/de\/wp-json\/wp\/v2\/media?parent=135"}],"curies":[{"name":"wp","href":"https:\/\/api.w.org\/{rel}","templated":true}]}}