{"id":1562,"date":"2014-05-22T09:22:12","date_gmt":"2014-05-22T08:22:12","guid":{"rendered":"http:\/\/kruikentournament.com\/toernooi-reglement-2\/"},"modified":"2025-05-31T10:19:04","modified_gmt":"2025-05-31T09:19:04","slug":"toernooireglement","status":"publish","type":"page","link":"https:\/\/kruikentournament.com\/de\/toernooireglement\/","title":{"rendered":"Turnierregeln"},"content":{"rendered":"<h3><u>Spiele<\/u><\/h3>\n<ul>\n<li>Die Spiele dauern 25 Minuten, mit Ausnahme der beiden Finalspiele. Die Finalspiele dauern 2&#215;20 Minuten und haben keine Pause.<\/li>\n<li>Mit Ausnahme der Finalspiele werden Start- und Endsignale zentral gegeben.<\/li>\n<li>Hockey wird nach den Regeln des KNHB gespielt, die f\u00fcr die Saison 2024\/2025 gelten.<\/li>\n<li>Das Turnier ist kein gemischtes Turnier, d. h. Jungen spielen gegen Jungen und M\u00e4dchen gegen M\u00e4dchen.<\/li>\n<li>Die Turnierleitung stellt Schiedsrichter f\u00fcr alle Spiele.<\/li>\n<li>Gegen Entscheidungen der Schiedsrichter ist kein Protest m\u00f6glich.<\/li>\n<li>Bei einem Unentschieden nach der regul\u00e4ren Spielzeit in Play-off-Spielen wird die Entscheidung im Penaltyschie\u00dfen (ggf. auf einem anderen (Mini-)Feld) getroffen.<\/li>\n<li>Die Mannschaften spielen in einheitlichen Vereinsuniformen.<\/li>\n<li>Die im Spielplan erstgenannte Mannschaft darf abschlagen und spielt in der Heimuniform.<\/li>\n<li>Wir erwarten von allen Spielern gro\u00dfen Einsatz, schlie\u00dflich ist es ein wettbewerbsorientiertes Turnier. Die Wertung lautet: Sieg 3 Punkte, Unentschieden 1 Punkt, Niederlage 0 Punkte.<\/li>\n<li>Der Punktestand ermittelt sich zun\u00e4chst nach der Anzahl der gewonnenen Spiele. Bei Punktegleichstand wird die Tordifferenz ber\u00fccksichtigt. Ist auch diese gleich, z\u00e4hlt die Anzahl der erzielten Tore. Sollte keine Entscheidung gefallen sein, wird im Penaltyschie\u00dfen entschieden.<\/li>\n<li>Nehmt eine Mannschaft w\u00e4hrend des Turniers nicht mehr teil, werden alle bisherigen Ergebnisse dieser Mannschaft gel\u00f6scht. Die Organisation wird f\u00fcr die betroffenen Mannschaften eine geeignete L\u00f6sung finden.<\/li>\n<li>In F\u00e4llen, die in diesem Reglement nicht geregelt sind, entscheidet die Turnierleitung.<\/li>\n<\/ul>\n<h3><u>Erkennbarkeit<\/u><\/h3>\n<ul>\n<li>Die Teilnehmer m\u00fcssen einen g\u00fcltigen Ausweis mitf\u00fchren.<\/li>\n<li>Jeder Teilnehmer und Betreuer erh\u00e4lt am Samstagmorgen ein B\u00e4ndchen. Dieses B\u00e4ndchen muss w\u00e4hrend des gesamten Turniers sichtbar sein. Nur mit diesem B\u00e4ndchen k\u00f6nnen Sie an den Spielen teilnehmen und haben Zugang zu den Mahlzeiten und der Party.<\/li>\n<\/ul>\n<h3><u>Verhalten und Sanktionen<\/u><\/h3>\n<ul>\n<li>Die Organisation erwartet von Trainern und Betreuern die F\u00e4higkeit, eine Mannschaft zu f\u00fchren. Ein Mindestalter von 21 Jahren ist Voraussetzung. Im Zweifelsfall kann die Turnierleitung einen Ausweis verlangen. Trainer oder Betreuer sind f\u00fcr das Verhalten der Mannschaft w\u00e4hrend des gesamten Wochenendes verantwortlich.<\/li>\n<li>Es ist zwingend erforderlich, dass mindestens eine n\u00fcchterne Betreuerin oder ein n\u00fcchterner Betreuer die Mannschaft begleitet, sowohl tags\u00fcber als auch nachts!<\/li>\n<li>Das Gel\u00e4nde ist mit Abfallbeh\u00e4ltern ausgestattet. Wir bitten die Teilnehmer dringend, diese zu benutzen.<\/li>\n<li>Die Einrichtungen des HC Tilburg k\u00f6nnen genutzt werden. Bitte verhaltet euch in den Toiletten und Duschen ordentlich und hinterlasst sie nach Gebrauch sauber.<\/li>\n<li>Es ist beabsichtigt, dass sich alle w\u00e4hrend der Party im Clubhaus aufhalten. Das Abspielen eigener Musik ist zwischen 1:00 und 7:30 Uhr verboten. In diesem Fall wird der Musikplayer bis zum Ende des Turniers konfisziert.<\/li>\n<li>Im Falle von Vandalismus und\/oder anderem \u00fcberm\u00e4\u00dfigen oder wiederholten st\u00f6renden Verhalten w\u00e4hrend des Turniers, einschlie\u00dflich der Party und der Nacht, kann der Veranstalter beschlie\u00dfen, Teilnehmer von der weiteren aktiven Teilnahme auszuschlie\u00dfen. In extremen F\u00e4llen kann der Veranstalter beschlie\u00dfen, das Turniergel\u00e4nde w\u00e4hrend des Wochenendes zu r\u00e4umen. In diesem Fall erfolgt keine R\u00fcckerstattung der Kaution\/Turniergeb\u00fchr.<\/li>\n<li>Die Kosten f\u00fcr Vandalismus werden dem\/den Verursacher(n) in Rechnung gestellt.<\/li>\n<li>Feuer entz\u00fcnden auf dem Turniergel\u00e4nde ist verboten.<\/li>\n<\/ul>\n<h3><u>Sicherheit und Haftung<\/u><\/h3>\n<ul>\n<li>Feuerl\u00f6scher sind \u00fcber den Veranstalter erh\u00e4ltlich.<\/li>\n<li>Der Turnierveranstalter und der externe Sicherheitsdienst haben das Recht, alle Zelte auf dem Gel\u00e4nde zu betreten und bei Bedarf Taschenkontrollen durchzuf\u00fchren.<\/li>\n<li>Alle Teilnehmer sind verpflichtet, den Anweisungen der erkennbaren Mitglieder des Veranstalters und des Sicherheitsdienstes Folge zu leisten.<\/li>\n<li>Der HC Tilburg haftet nicht f\u00fcr Ereignisse au\u00dferhalb des HC Tilburg-Gel\u00e4ndes.<\/li>\n<li>Turnierteilnehmer d\u00fcrfen das Vereinsgel\u00e4nde nicht ohne Genehmigung des Veranstalters verlassen.<\/li>\n<li>Der HC Tilburg haftet nicht f\u00fcr Verlust, Diebstahl und\/oder Sachsch\u00e4den.<\/li>\n<li>Im Falle unvorhergesehener Umst\u00e4nde entscheidet die Turnierleitung.<\/li>\n<\/ul>\n<h3><u>Alkohol und Drogen<br \/>\n<\/u><\/h3>\n<ul>\n<li>Der Konsum von Alkohol unter 18 Jahren ist gesetzlich verboten. F\u00fcr Trainer\/Betreuer\/Besucher (ab 18 Jahren) gibt es am Samstag ab 16:00 Uhr einen separaten Bereich, in dem Alkohol ausgeschenkt wird. Zutritt nur mit Armband. Auf der Party im zentralen Bereich des Clubhauses wird kein Alkohol ausgeschenkt.<\/li>\n<li>Rauchen unter 18 Jahren ist bei unserem Turnier verboten. Dies gilt auch f\u00fcr E-Zigaretten. Die Organisation bittet die Mannschaftsbetreuer dringend, dies zu beaufsichtigen.<\/li>\n<li>W\u00e4hrend des Wochenendes muss mindestens ein Betreuer pro Mannschaft n\u00fcchtern sein.<\/li>\n<li>Das Betreten der Kunstrasenpl\u00e4tze mit alkoholischen Getr\u00e4nken und\/oder (E-)Zigaretten\/Vaporizern und Glaswaren ist verboten.<\/li>\n<li>Rauchen ist auf dem gesamten Gel\u00e4nde verboten. Wir sind ein rauchfreier Verein.<\/li>\n<li>Die Organisation wird mitgebrachte Getr\u00e4nke konfiszieren und einbehalten.<\/li>\n<li>Jegliche Form von Drogen ist auf dem Gel\u00e4nde des HC Tilburg und in der Umgebung verboten.<\/li>\n<li>Bei Drogenfunden werden die Beteiligten von der aktiven Turnierteilnahme ausgeschlossen. Bei harten Drogen wird die Polizei alarmiert.<\/li>\n<\/ul>\n<h3><u>Essen und Getr\u00e4nke<\/u><\/h3>\n<ul>\n<li>Die Mittagessen, das Abendessen am Samstagabend sowie das Fr\u00fchst\u00fcck und Mittagessen am Sonntag werden von der Catering-Abteilung des HC Tilburg organisiert.<\/li>\n<li>Selbstverst\u00e4ndlich ist das Clubhaus tags\u00fcber ge\u00f6ffnet, um Speisen und Getr\u00e4nke zu bestellen. <strong>Beim HC Tilburg ist ausschlie\u00dflich Kartenzahlung m\u00f6glich.<\/strong><\/li>\n<li>Wir bitten alle dringend, die Tische nach dem Essen sauber zu hinterlassen und den M\u00fcll in den daf\u00fcr vorgesehenen M\u00fclleimern zu entsorgen.<\/li>\n<li>Sollten Sie Vegetarier sein oder andere Ern\u00e4hrungsbed\u00fcrfnisse haben und dies noch nicht gemeldet haben, bitten wir Sie, dies so schnell wie m\u00f6glich zu tun.<\/li>\n<li>Zwischen 0:00 und 07:00 Uhr ist es verboten, externe Speisen zu bestellen und auf das Gel\u00e4nde liefern zu lassen.<\/li>\n<\/ul>\n<p><em><strong>Um einen reibungslosen Turnierablauf zu gew\u00e4hrleisten, bitten wir alle Teams, die Regeln einzuhalten.<\/strong><\/em><\/p>","protected":false},"excerpt":{"rendered":"<p>Spiele Die Spiele dauern 25 Minuten, mit Ausnahme der beiden Finalspiele. Die Finalspiele dauern 2&#215;20 Minuten und haben keine Pause. Mit Ausnahme der Finalspiele werden Start- und Endsignale zentral gegeben. Hockey wird nach den Regeln des KNHB gespielt, die f\u00fcr die Saison 2024\/2025 gelten. Das Turnier ist kein gemischtes Turnier, d. h. Jungen spielen gegen [&hellip;]<\/p>\n","protected":false},"author":8,"featured_media":0,"parent":0,"menu_order":0,"comment_status":"closed","ping_status":"closed","template":"","meta":{"footnotes":""},"class_list":["post-1562","page","type-page","status-publish","hentry"],"yoast_head":"<!-- This site is optimized with the Yoast SEO plugin v26.7 - https:\/\/yoast.com\/wordpress\/plugins\/seo\/ -->\n<title>Turnierregeln - International Kruikentournament<\/title>\n<meta name=\"description\" content=\"Turnierregeln\" \/>\n<meta name=\"robots\" content=\"index, follow, max-snippet:-1, max-image-preview:large, max-video-preview:-1\" \/>\n<link rel=\"canonical\" href=\"https:\/\/kruikentournament.com\/de\/toernooireglement\/\" \/>\n<meta property=\"og:locale\" content=\"de_DE\" \/>\n<meta property=\"og:type\" content=\"article\" \/>\n<meta property=\"og:title\" content=\"Turnierregeln - International Kruikentournament\" \/>\n<meta property=\"og:description\" content=\"Turnierregeln\" \/>\n<meta property=\"og:url\" content=\"https:\/\/kruikentournament.com\/de\/toernooireglement\/\" \/>\n<meta property=\"og:site_name\" content=\"International Kruikentournament\" \/>\n<meta property=\"article:modified_time\" content=\"2025-05-31T09:19:04+00:00\" \/>\n<meta name=\"twitter:label1\" content=\"Gesch\u00e4tzte Lesezeit\" \/>\n\t<meta name=\"twitter:data1\" content=\"5\u00a0Minuten\" \/>\n<script type=\"application\/ld+json\" class=\"yoast-schema-graph\">{\"@context\":\"https:\/\/schema.org\",\"@graph\":[{\"@type\":\"WebPage\",\"@id\":\"https:\/\/kruikentournament.com\/de\/toernooireglement\/\",\"url\":\"https:\/\/kruikentournament.com\/de\/toernooireglement\/\",\"name\":\"Turnierregeln - International Kruikentournament\",\"isPartOf\":{\"@id\":\"https:\/\/kruikentournament.com\/#website\"},\"datePublished\":\"2014-05-22T08:22:12+00:00\",\"dateModified\":\"2025-05-31T09:19:04+00:00\",\"description\":\"Turnierregeln\",\"inLanguage\":\"de\",\"potentialAction\":[{\"@type\":\"ReadAction\",\"target\":[\"https:\/\/kruikentournament.com\/de\/toernooireglement\/\"]}]},{\"@type\":\"WebSite\",\"@id\":\"https:\/\/kruikentournament.com\/#website\",\"url\":\"https:\/\/kruikentournament.com\/\",\"name\":\"International Kruikentournament\",\"description\":\"Hockey toernooi voor O-16 jeugd bij HC Tilburg\",\"publisher\":{\"@id\":\"https:\/\/kruikentournament.com\/#organization\"},\"potentialAction\":[{\"@type\":\"SearchAction\",\"target\":{\"@type\":\"EntryPoint\",\"urlTemplate\":\"https:\/\/kruikentournament.com\/?s={search_term_string}\"},\"query-input\":{\"@type\":\"PropertyValueSpecification\",\"valueRequired\":true,\"valueName\":\"search_term_string\"}}],\"inLanguage\":\"de\"},{\"@type\":\"Organization\",\"@id\":\"https:\/\/kruikentournament.com\/#organization\",\"name\":\"International Kruikentournament\",\"url\":\"https:\/\/kruikentournament.com\/\",\"logo\":{\"@type\":\"ImageObject\",\"inLanguage\":\"de\",\"@id\":\"https:\/\/kruikentournament.com\/#\/schema\/logo\/image\/\",\"url\":\"https:\/\/kruikentournament.com\/wp-content\/uploads\/2024\/08\/kruikentournament-logo-2024.png\",\"contentUrl\":\"https:\/\/kruikentournament.com\/wp-content\/uploads\/2024\/08\/kruikentournament-logo-2024.png\",\"width\":191,\"height\":107,\"caption\":\"International Kruikentournament\"},\"image\":{\"@id\":\"https:\/\/kruikentournament.com\/#\/schema\/logo\/image\/\"}}]}<\/script>\n<!-- \/ Yoast SEO plugin. -->","yoast_head_json":{"title":"Turnierregeln - International Kruikentournament","description":"Turnierregeln","robots":{"index":"index","follow":"follow","max-snippet":"max-snippet:-1","max-image-preview":"max-image-preview:large","max-video-preview":"max-video-preview:-1"},"canonical":"https:\/\/kruikentournament.com\/de\/toernooireglement\/","og_locale":"de_DE","og_type":"article","og_title":"Turnierregeln - International Kruikentournament","og_description":"Turnierregeln","og_url":"https:\/\/kruikentournament.com\/de\/toernooireglement\/","og_site_name":"International Kruikentournament","article_modified_time":"2025-05-31T09:19:04+00:00","twitter_misc":{"Gesch\u00e4tzte Lesezeit":"5\u00a0Minuten"},"schema":{"@context":"https:\/\/schema.org","@graph":[{"@type":"WebPage","@id":"https:\/\/kruikentournament.com\/de\/toernooireglement\/","url":"https:\/\/kruikentournament.com\/de\/toernooireglement\/","name":"Turnierregeln - International Kruikentournament","isPartOf":{"@id":"https:\/\/kruikentournament.com\/#website"},"datePublished":"2014-05-22T08:22:12+00:00","dateModified":"2025-05-31T09:19:04+00:00","description":"Turnierregeln","inLanguage":"de","potentialAction":[{"@type":"ReadAction","target":["https:\/\/kruikentournament.com\/de\/toernooireglement\/"]}]},{"@type":"WebSite","@id":"https:\/\/kruikentournament.com\/#website","url":"https:\/\/kruikentournament.com\/","name":"International Kruikentournament","description":"Hockey toernooi voor O-16 jeugd bij HC Tilburg","publisher":{"@id":"https:\/\/kruikentournament.com\/#organization"},"potentialAction":[{"@type":"SearchAction","target":{"@type":"EntryPoint","urlTemplate":"https:\/\/kruikentournament.com\/?s={search_term_string}"},"query-input":{"@type":"PropertyValueSpecification","valueRequired":true,"valueName":"search_term_string"}}],"inLanguage":"de"},{"@type":"Organization","@id":"https:\/\/kruikentournament.com\/#organization","name":"International Kruikentournament","url":"https:\/\/kruikentournament.com\/","logo":{"@type":"ImageObject","inLanguage":"de","@id":"https:\/\/kruikentournament.com\/#\/schema\/logo\/image\/","url":"https:\/\/kruikentournament.com\/wp-content\/uploads\/2024\/08\/kruikentournament-logo-2024.png","contentUrl":"https:\/\/kruikentournament.com\/wp-content\/uploads\/2024\/08\/kruikentournament-logo-2024.png","width":191,"height":107,"caption":"International Kruikentournament"},"image":{"@id":"https:\/\/kruikentournament.com\/#\/schema\/logo\/image\/"}}]}},"_links":{"self":[{"href":"https:\/\/kruikentournament.com\/de\/wp-json\/wp\/v2\/pages\/1562","targetHints":{"allow":["GET"]}}],"collection":[{"href":"https:\/\/kruikentournament.com\/de\/wp-json\/wp\/v2\/pages"}],"about":[{"href":"https:\/\/kruikentournament.com\/de\/wp-json\/wp\/v2\/types\/page"}],"author":[{"embeddable":true,"href":"https:\/\/kruikentournament.com\/de\/wp-json\/wp\/v2\/users\/8"}],"replies":[{"embeddable":true,"href":"https:\/\/kruikentournament.com\/de\/wp-json\/wp\/v2\/comments?post=1562"}],"version-history":[{"count":15,"href":"https:\/\/kruikentournament.com\/de\/wp-json\/wp\/v2\/pages\/1562\/revisions"}],"predecessor-version":[{"id":3720,"href":"https:\/\/kruikentournament.com\/de\/wp-json\/wp\/v2\/pages\/1562\/revisions\/3720"}],"wp:attachment":[{"href":"https:\/\/kruikentournament.com\/de\/wp-json\/wp\/v2\/media?parent=1562"}],"curies":[{"name":"wp","href":"https:\/\/api.w.org\/{rel}","templated":true}]}}