{"id":3086,"date":"2024-06-23T09:02:28","date_gmt":"2024-06-23T08:02:28","guid":{"rendered":"https:\/\/kruikentournament.com\/?page_id=3086"},"modified":"2025-06-09T07:36:38","modified_gmt":"2025-06-09T06:36:38","slug":"die-geschichte-des-ikt-kurz-und-buendig","status":"publish","type":"page","link":"https:\/\/kruikentournament.com\/de\/die-geschichte-des-ikt-kurz-und-buendig\/","title":{"rendered":"Die Geschichte des IKT kurz und b\u00fcndig"},"content":{"rendered":"<p>1977: Die ersten Pl\u00e4ne f\u00fcr ein internationales Jugendturnier bei Forward werden geschmiedet.<\/p>\n<p>1978: Forward MB1 wird niederl\u00e4ndischer Meister, aber nicht der erste Gewinner der IKT. Diese Ehre geb\u00fchrt den deutschen Damen des Gladbacher HTC. Bei den Jungs siegt Breda. Das Turnier ist ein Erfolg. Veranstalter Clemens de Jong kniet anschlie\u00dfend auf Feld 1 und k\u00fcsst den Rasen.<\/p>\n<p>1980: Das Kent College ist der erste Teilnehmer aus England. Die Aufsichtspersonen wundern sich \u00fcber die Schlie\u00dfzeiten der niederl\u00e4ndischen Kneipen.<\/p>\n<p>1983: Zum ersten Mal haben wir einen Kunstrasenplatz. Und das ist auch gut so, denn am Samstag ist das Wetter brutal schlecht. Wir k\u00f6nnen nur auf Kunstrasen spielen. Es wird eine Art Mini-Hockey auf einem Viertelfeld sein. Aber zumindest k\u00f6nnen wir etwas tun.<\/p>\n<p>1985: Zum ersten Mal Gastgeber einer nationalen Auswahl: die Damen der belgischen U16. Bei der Party am Samstagabend werden die Spieler fr\u00fch ins Bett geschickt. Das verbl\u00fcfft die anderen Partyg\u00e4nger, funktioniert aber, weil sie das Turnier gewinnen.<\/p>\n<p>1986: Der vielleicht spektakul\u00e4rste IKT-Wettbewerb aller Zeiten. Im Halbfinale spielen die Jungs vom Kent College gegen den Gladbacher HTC. Das Match geht in alle Richtungen. Die Engl\u00e4nder gewinnen 5 \u2013 4. Sie haben ihr Pulver verloren, weil im Finale die Oranje Zwart mit 7 \u2013 0 viel zu stark sind.<\/p>\n<p>1987 \u2013 1989: Die Jahre der spanischen Herrschaft. Die Jungs aus Egara Terrassa gewinnen dreimal in Folge durch h\u00f6here Gewalt. Einige dieser M\u00e4nner werden im Olympiafinale 1996 in Atlanta gegen die niederl\u00e4ndische Nationalmannschaft antreten.<\/p>\n<p>Die 1990er Jahre: F\u00fcr ausl\u00e4ndische G\u00e4ste wird noch immer nach Unterk\u00fcnften in Gastfamilien gesucht. Niederl\u00e4ndische Mannschaften \u00fcbernachten in den Umkleidekabinen der st\u00e4dtischen Sporthalle. Zwischen den Umkleidekabinen f\u00fcr Damen und Herren hat ein Polizeidienst alle H\u00e4nde voll zu tun mit \u00dcberl\u00e4ufern &#8230;<\/p>\n<p>2002: Die Ausbildung der Bundesschiedsrichter im Bezirk S\u00fcdniederlande nutzt das IKT erstmals als eine Art Praxiswochenende. Es gibt dem Turnier etwas Besonderes. Die Zusammenarbeit wird so positiv erlebt, dass sie fortgesetzt wird.<\/p>\n<p>2005: Die Organisation steckt ein wenig in der Klemme. Einige Enthusiasten versuchen, die Dinge wiederzubeleben, werden aber vom Wetter vereitelt. Im Fr\u00fchling ist es hart und w\u00fctend. Im M\u00e4rz f\u00e4llt Schnee. So viele Wettbewerbsspiele werden abgesagt, dass alle freien Tage mit Ersatzspielen gef\u00fcllt sind. Zum ersten Mal wird das Turnier abgesagt.<\/p>\n<p>2006: Ein vorsichtiger Neustart. Aber es lebt wieder. Die franz\u00f6sische U16-Nationalmannschaft ist ein herausragender Teilnehmer und erreicht das Finale. Dort verlieren die Franzosen gegen Heeze. Unter den Jungs stiehlt eine Gruppe Schotten die Show.<\/p>\n<p>2011: Es sollte das letzte Turnier bei Forward sein. Es ist nicht m\u00f6glich, die Dinge voranzutreiben, vielleicht auch wegen der ganzen Fusionsproblematik.<\/p>\n<p>2012: Das IKT zum ersten Mal beim HC Tilburg. Gr\u00f6\u00dfer als je zuvor, aber nat\u00fcrlich haben wir jetzt auch viel mehr Platz. Der Kruikencampingplatz auf dem Parkplatz wird eingef\u00fchrt. Es vermittelt eine Art Urlaubsgef\u00fchl.<\/p>\n<p>2017: Eine Mannschaft polnischer Jungs wird am Freitagnachmittag von Jeroen Delmee gr\u00fcndlich angegriffen. Es hilft nicht viel, weil sie fast die letzten sind, aber sie sagen, dass sie viel gelernt haben. Mit einem Bus voller Torwartausr\u00fcstung fahren sie nach Hause.<\/p>\n<p>2019: Die vorerst letzte Ausgabe der IKT. Welttorh\u00fcter David Harte wird in einem Shoot-out-Wettbewerb von einem Spieler aus Warande angegriffen.  <\/p>\n<p>2020: Alles ist wieder im Aufbau und dann kommt Corona. Alles ist verschlossen. Keine Schule, kein Hockey und daher auch kein Turnier.<\/p>\n<p>2021 \u2013 2024: Die Pandemie dauert immer noch an. Auch in der Vereinsorganisation. Um das IKT bleibt es ruhig. Aber es werden wieder Pl\u00e4ne geschmiedet.<\/p>\n<p>2025: Am Samstag gab es heftige Regenf\u00e4lle, aber das machte nichts. Wir sind zur\u00fcck. Nach f\u00fcnf Jahren Pause ist die IKT wieder da. Und wie immer. Mit den M\u00e4dchen des HC Tilburg und den Jungs von Push als Gewinnern.<\/p>","protected":false},"excerpt":{"rendered":"<p>1977: Die ersten Pl\u00e4ne f\u00fcr ein internationales Jugendturnier bei Forward werden geschmiedet. 1978: Forward MB1 wird niederl\u00e4ndischer Meister, aber nicht der erste Gewinner der IKT. Diese Ehre geb\u00fchrt den deutschen Damen des Gladbacher HTC. Bei den Jungs siegt Breda. Das Turnier ist ein Erfolg. Veranstalter Clemens de Jong kniet anschlie\u00dfend auf Feld 1 und k\u00fcsst [&hellip;]<\/p>\n","protected":false},"author":8,"featured_media":0,"parent":0,"menu_order":0,"comment_status":"closed","ping_status":"closed","template":"","meta":{"footnotes":""},"class_list":["post-3086","page","type-page","status-publish","hentry"],"yoast_head":"<!-- This site is optimized with the Yoast SEO plugin v26.7 - https:\/\/yoast.com\/wordpress\/plugins\/seo\/ -->\n<title>Die Geschichte des IKT kurz und b\u00fcndig - International Kruikentournament<\/title>\n<meta name=\"description\" content=\"1977: Die ersten Pl\u00e4ne f\u00fcr ein internationales Jugendturnier bei Forward werden geschmiedet. 1978: Forward MB1 wird niederl\u00e4ndischer Meister, aber nicht\" \/>\n<meta name=\"robots\" content=\"index, follow, max-snippet:-1, max-image-preview:large, max-video-preview:-1\" \/>\n<link rel=\"canonical\" href=\"https:\/\/kruikentournament.com\/de\/die-geschichte-des-ikt-kurz-und-buendig\/\" \/>\n<meta property=\"og:locale\" content=\"de_DE\" \/>\n<meta property=\"og:type\" content=\"article\" \/>\n<meta property=\"og:title\" content=\"Die Geschichte des IKT kurz und b\u00fcndig - International Kruikentournament\" \/>\n<meta property=\"og:description\" content=\"1977: Die ersten Pl\u00e4ne f\u00fcr ein internationales Jugendturnier bei Forward werden geschmiedet. 1978: Forward MB1 wird niederl\u00e4ndischer Meister, aber nicht\" \/>\n<meta property=\"og:url\" content=\"https:\/\/kruikentournament.com\/de\/die-geschichte-des-ikt-kurz-und-buendig\/\" \/>\n<meta property=\"og:site_name\" content=\"International Kruikentournament\" \/>\n<meta property=\"article:modified_time\" content=\"2025-06-09T06:36:38+00:00\" \/>\n<meta name=\"twitter:label1\" content=\"Gesch\u00e4tzte Lesezeit\" \/>\n\t<meta name=\"twitter:data1\" content=\"3\u00a0Minuten\" \/>\n<script type=\"application\/ld+json\" class=\"yoast-schema-graph\">{\"@context\":\"https:\/\/schema.org\",\"@graph\":[{\"@type\":\"WebPage\",\"@id\":\"https:\/\/kruikentournament.com\/de\/die-geschichte-des-ikt-kurz-und-buendig\/\",\"url\":\"https:\/\/kruikentournament.com\/de\/die-geschichte-des-ikt-kurz-und-buendig\/\",\"name\":\"Die Geschichte des IKT kurz und b\u00fcndig - International Kruikentournament\",\"isPartOf\":{\"@id\":\"https:\/\/kruikentournament.com\/#website\"},\"datePublished\":\"2024-06-23T08:02:28+00:00\",\"dateModified\":\"2025-06-09T06:36:38+00:00\",\"description\":\"1977: Die ersten Pl\u00e4ne f\u00fcr ein internationales Jugendturnier bei Forward werden geschmiedet. 1978: Forward MB1 wird niederl\u00e4ndischer Meister, aber nicht\",\"inLanguage\":\"de\",\"potentialAction\":[{\"@type\":\"ReadAction\",\"target\":[\"https:\/\/kruikentournament.com\/de\/die-geschichte-des-ikt-kurz-und-buendig\/\"]}]},{\"@type\":\"WebSite\",\"@id\":\"https:\/\/kruikentournament.com\/#website\",\"url\":\"https:\/\/kruikentournament.com\/\",\"name\":\"International Kruikentournament\",\"description\":\"Hockey toernooi voor O-16 jeugd bij HC Tilburg\",\"publisher\":{\"@id\":\"https:\/\/kruikentournament.com\/#organization\"},\"potentialAction\":[{\"@type\":\"SearchAction\",\"target\":{\"@type\":\"EntryPoint\",\"urlTemplate\":\"https:\/\/kruikentournament.com\/?s={search_term_string}\"},\"query-input\":{\"@type\":\"PropertyValueSpecification\",\"valueRequired\":true,\"valueName\":\"search_term_string\"}}],\"inLanguage\":\"de\"},{\"@type\":\"Organization\",\"@id\":\"https:\/\/kruikentournament.com\/#organization\",\"name\":\"International Kruikentournament\",\"url\":\"https:\/\/kruikentournament.com\/\",\"logo\":{\"@type\":\"ImageObject\",\"inLanguage\":\"de\",\"@id\":\"https:\/\/kruikentournament.com\/#\/schema\/logo\/image\/\",\"url\":\"https:\/\/kruikentournament.com\/wp-content\/uploads\/2024\/08\/kruikentournament-logo-2024.png\",\"contentUrl\":\"https:\/\/kruikentournament.com\/wp-content\/uploads\/2024\/08\/kruikentournament-logo-2024.png\",\"width\":191,\"height\":107,\"caption\":\"International Kruikentournament\"},\"image\":{\"@id\":\"https:\/\/kruikentournament.com\/#\/schema\/logo\/image\/\"}}]}<\/script>\n<!-- \/ Yoast SEO plugin. -->","yoast_head_json":{"title":"Die Geschichte des IKT kurz und b\u00fcndig - International Kruikentournament","description":"1977: Die ersten Pl\u00e4ne f\u00fcr ein internationales Jugendturnier bei Forward werden geschmiedet. 1978: Forward MB1 wird niederl\u00e4ndischer Meister, aber nicht","robots":{"index":"index","follow":"follow","max-snippet":"max-snippet:-1","max-image-preview":"max-image-preview:large","max-video-preview":"max-video-preview:-1"},"canonical":"https:\/\/kruikentournament.com\/de\/die-geschichte-des-ikt-kurz-und-buendig\/","og_locale":"de_DE","og_type":"article","og_title":"Die Geschichte des IKT kurz und b\u00fcndig - International Kruikentournament","og_description":"1977: Die ersten Pl\u00e4ne f\u00fcr ein internationales Jugendturnier bei Forward werden geschmiedet. 1978: Forward MB1 wird niederl\u00e4ndischer Meister, aber nicht","og_url":"https:\/\/kruikentournament.com\/de\/die-geschichte-des-ikt-kurz-und-buendig\/","og_site_name":"International Kruikentournament","article_modified_time":"2025-06-09T06:36:38+00:00","twitter_misc":{"Gesch\u00e4tzte Lesezeit":"3\u00a0Minuten"},"schema":{"@context":"https:\/\/schema.org","@graph":[{"@type":"WebPage","@id":"https:\/\/kruikentournament.com\/de\/die-geschichte-des-ikt-kurz-und-buendig\/","url":"https:\/\/kruikentournament.com\/de\/die-geschichte-des-ikt-kurz-und-buendig\/","name":"Die Geschichte des IKT kurz und b\u00fcndig - International Kruikentournament","isPartOf":{"@id":"https:\/\/kruikentournament.com\/#website"},"datePublished":"2024-06-23T08:02:28+00:00","dateModified":"2025-06-09T06:36:38+00:00","description":"1977: Die ersten Pl\u00e4ne f\u00fcr ein internationales Jugendturnier bei Forward werden geschmiedet. 1978: Forward MB1 wird niederl\u00e4ndischer Meister, aber nicht","inLanguage":"de","potentialAction":[{"@type":"ReadAction","target":["https:\/\/kruikentournament.com\/de\/die-geschichte-des-ikt-kurz-und-buendig\/"]}]},{"@type":"WebSite","@id":"https:\/\/kruikentournament.com\/#website","url":"https:\/\/kruikentournament.com\/","name":"International Kruikentournament","description":"Hockey toernooi voor O-16 jeugd bij HC Tilburg","publisher":{"@id":"https:\/\/kruikentournament.com\/#organization"},"potentialAction":[{"@type":"SearchAction","target":{"@type":"EntryPoint","urlTemplate":"https:\/\/kruikentournament.com\/?s={search_term_string}"},"query-input":{"@type":"PropertyValueSpecification","valueRequired":true,"valueName":"search_term_string"}}],"inLanguage":"de"},{"@type":"Organization","@id":"https:\/\/kruikentournament.com\/#organization","name":"International Kruikentournament","url":"https:\/\/kruikentournament.com\/","logo":{"@type":"ImageObject","inLanguage":"de","@id":"https:\/\/kruikentournament.com\/#\/schema\/logo\/image\/","url":"https:\/\/kruikentournament.com\/wp-content\/uploads\/2024\/08\/kruikentournament-logo-2024.png","contentUrl":"https:\/\/kruikentournament.com\/wp-content\/uploads\/2024\/08\/kruikentournament-logo-2024.png","width":191,"height":107,"caption":"International Kruikentournament"},"image":{"@id":"https:\/\/kruikentournament.com\/#\/schema\/logo\/image\/"}}]}},"_links":{"self":[{"href":"https:\/\/kruikentournament.com\/de\/wp-json\/wp\/v2\/pages\/3086","targetHints":{"allow":["GET"]}}],"collection":[{"href":"https:\/\/kruikentournament.com\/de\/wp-json\/wp\/v2\/pages"}],"about":[{"href":"https:\/\/kruikentournament.com\/de\/wp-json\/wp\/v2\/types\/page"}],"author":[{"embeddable":true,"href":"https:\/\/kruikentournament.com\/de\/wp-json\/wp\/v2\/users\/8"}],"replies":[{"embeddable":true,"href":"https:\/\/kruikentournament.com\/de\/wp-json\/wp\/v2\/comments?post=3086"}],"version-history":[{"count":2,"href":"https:\/\/kruikentournament.com\/de\/wp-json\/wp\/v2\/pages\/3086\/revisions"}],"predecessor-version":[{"id":3744,"href":"https:\/\/kruikentournament.com\/de\/wp-json\/wp\/v2\/pages\/3086\/revisions\/3744"}],"wp:attachment":[{"href":"https:\/\/kruikentournament.com\/de\/wp-json\/wp\/v2\/media?parent=3086"}],"curies":[{"name":"wp","href":"https:\/\/api.w.org\/{rel}","templated":true}]}}